{"id":21050,"date":"2024-02-21T17:23:10","date_gmt":"2024-02-21T16:23:10","guid":{"rendered":"https:\/\/www.andreclaude.fr\/web\/?post_type=product&#038;p=21050"},"modified":"2025-04-15T09:35:32","modified_gmt":"2025-04-15T08:35:32","slug":"biere-brune-fausse-fourrure-bouteille-33-cl","status":"publish","type":"product","link":"https:\/\/www.andreclaude.fr\/web\/index.php\/produit\/biere-brune-fausse-fourrure-bouteille-33-cl\/","title":{"rendered":"Bi\u00e8re brune Fausse fourrure Bouteille 33 cl"},"content":{"rendered":"","protected":false},"excerpt":{"rendered":"<p>Bi\u00e8re de Maintenon<\/p>\n<p>Une bi\u00e8re artisanale authentique, chaleureuse et moelleuse.<\/p>\n<p>Bi\u00e8re artisanale complexe et liquoreuse, doucement p\u00e9tillante, l\u00e9g\u00e8rement am\u00e8re. Des saveurs de cacao, de caf\u00e9 et de fruits confits.<br \/>\n\u00c0 table, la bi\u00e8re de garde pur malt \u201cFausse Fourrure\u201d pourra accompagner antipastis, viandes rouges, fromages, et desserts au chocolat.<\/p>\n<p>Ingr\u00e9dients :\u00a0eau, malts d\u2019orge, houblons, levure.<\/p>\n<p>D\u00e9tails techniques : Bi\u00e8re brune de garde pur malt, de style Baltic Porter. Malts Maris Otter et malts grill\u00e9s et torr\u00e9fi\u00e9s, houblons, dont houblon Harlequin (Angleterre). 7,5% alc. vol. Service entre 8 et 12\u00b0C.<\/p>\n<p>R\u00e9compenses<br \/>\nRecommand\u00e9e par le Guide Hachette des Bi\u00e8res 2022 \u201cbi\u00e8re r\u00e9ussie\u201d.<\/p>\n<p>Brasserie Bacquet 28 130 Pierres<\/p>\n<p>La consommation de boissons alcoolis\u00e9es pendant la grossesse, m\u00eame en faible quantit\u00e9, peut avoir des cons\u00e9quences graves sur la sant\u00e9 de l\u2019enfant.<\/p>\n<p>L ABUS D ALCOOL EST DANGEREUX POUR LA SANTE. A CONSOMMER AVEC MODERATION<\/p>\n<p>LA VENTE D ALCOOL EST INTERDITE AUX MINEURS.RS.<\/p>\n","protected":false},"featured_media":21051,"comment_status":"closed","ping_status":"closed","template":"","meta":[],"product_cat":[196,194,160],"product_tag":[],"jetpack_publicize_connections":[],"_links":{"self":[{"href":"https:\/\/www.andreclaude.fr\/web\/index.php\/wp-json\/wp\/v2\/product\/21050"}],"collection":[{"href":"https:\/\/www.andreclaude.fr\/web\/index.php\/wp-json\/wp\/v2\/product"}],"about":[{"href":"https:\/\/www.andreclaude.fr\/web\/index.php\/wp-json\/wp\/v2\/types\/product"}],"replies":[{"embeddable":true,"href":"https:\/\/www.andreclaude.fr\/web\/index.php\/wp-json\/wp\/v2\/comments?post=21050"}],"wp:featuredmedia":[{"embeddable":true,"href":"https:\/\/www.andreclaude.fr\/web\/index.php\/wp-json\/wp\/v2\/media\/21051"}],"wp:attachment":[{"href":"https:\/\/www.andreclaude.fr\/web\/index.php\/wp-json\/wp\/v2\/media?parent=21050"}],"wp:term":[{"taxonomy":"product_cat","embeddable":true,"href":"https:\/\/www.andreclaude.fr\/web\/index.php\/wp-json\/wp\/v2\/product_cat?post=21050"},{"taxonomy":"product_tag","embeddable":true,"href":"https:\/\/www.andreclaude.fr\/web\/index.php\/wp-json\/wp\/v2\/product_tag?post=21050"}],"curies":[{"name":"wp","href":"https:\/\/api.w.org\/{rel}","templated":true}]}}