{"id":21045,"date":"2024-02-21T10:47:22","date_gmt":"2024-02-21T09:47:22","guid":{"rendered":"https:\/\/www.andreclaude.fr\/web\/?post_type=product&#038;p=21045"},"modified":"2024-02-21T18:02:01","modified_gmt":"2024-02-21T17:02:01","slug":"biere-blonde-juste-toi-et-moi-bouteille-33-cl","status":"publish","type":"product","link":"https:\/\/www.andreclaude.fr\/web\/index.php\/produit\/biere-blonde-juste-toi-et-moi-bouteille-33-cl\/","title":{"rendered":"Bi\u00e8re blonde juste toi et moi Bouteille 33 cl"},"content":{"rendered":"<p>promo<\/p>\n","protected":false},"excerpt":{"rendered":"<p>Bi\u00e8re de Maintenon<\/p>\n<p>Une bi\u00e8re artisanale l\u00e9g\u00e8re et attachante.<\/p>\n<p>Bi\u00e8re artisanale bien p\u00e9tillante, s\u00e8che et d\u00e9salt\u00e9rante. Des notes aromatiques d\u2019herbac\u00e9e, de pain frais, de fleurs de mirabellier et de rose.<br \/>\n\u00c0 table, la bi\u00e8re de garde pur malt \u201cJuste Toi &#038; Moi\u201d pourra accompagner choucroutes, asperges, salades de crudit\u00e9s, fromages de ch\u00e8vre, pommes.<\/p>\n<p>Ingr\u00e9dients :\u00a0eau, malt d\u2019orge, houblons, levure.<\/p>\n<p>D\u00e9tails techniques :\u00a0bi\u00e8re blonde de garde pur malt, de style Pils. Malt Pilsen (France ou Centre-Val de Loire), houblons dont Saaz et Styrian Wolf. 5,8% alc. vol. Service entre 4 et 6\u00b0C.<\/p>\n<p>R\u00e9compenses<br \/>\nM\u00e9daille d\u2019Argent 2023 au World Beer Award en Angleterre<br \/>\nM\u00e9daille d\u2019Or 2022 au Concours International de Francfort.<br \/>\n3 \u00e9toiles \u201cBi\u00e8re exceptionnelle\u201d + \u201cCoup de coeur\u201d au Guide Hachette des Bi\u00e8res 2022.<br \/>\nM\u00e9daille d\u2019Argent 2021 au Concours International de Lyon.<\/p>\n<p>Brasserie Bacquet 28 130 Pierres<\/p>\n<p>La consommation de boissons alcoolis\u00e9es pendant la grossesse, m\u00eame en faible quantit\u00e9, peut avoir des cons\u00e9quences graves sur la sant\u00e9 de l\u2019enfant.<\/p>\n<p>L ABUS D ALCOOL EST DANGEREUX POUR LA SANTE. A CONSOMMER AVEC MODERATION<\/p>\n<p>LA VENTE D ALCOOL EST INTERDITE AUX MINEURS.<\/p>\n","protected":false},"featured_media":21056,"comment_status":"closed","ping_status":"closed","template":"","meta":[],"product_cat":[196,194,160],"product_tag":[],"jetpack_publicize_connections":[],"_links":{"self":[{"href":"https:\/\/www.andreclaude.fr\/web\/index.php\/wp-json\/wp\/v2\/product\/21045"}],"collection":[{"href":"https:\/\/www.andreclaude.fr\/web\/index.php\/wp-json\/wp\/v2\/product"}],"about":[{"href":"https:\/\/www.andreclaude.fr\/web\/index.php\/wp-json\/wp\/v2\/types\/product"}],"replies":[{"embeddable":true,"href":"https:\/\/www.andreclaude.fr\/web\/index.php\/wp-json\/wp\/v2\/comments?post=21045"}],"wp:featuredmedia":[{"embeddable":true,"href":"https:\/\/www.andreclaude.fr\/web\/index.php\/wp-json\/wp\/v2\/media\/21056"}],"wp:attachment":[{"href":"https:\/\/www.andreclaude.fr\/web\/index.php\/wp-json\/wp\/v2\/media?parent=21045"}],"wp:term":[{"taxonomy":"product_cat","embeddable":true,"href":"https:\/\/www.andreclaude.fr\/web\/index.php\/wp-json\/wp\/v2\/product_cat?post=21045"},{"taxonomy":"product_tag","embeddable":true,"href":"https:\/\/www.andreclaude.fr\/web\/index.php\/wp-json\/wp\/v2\/product_tag?post=21045"}],"curies":[{"name":"wp","href":"https:\/\/api.w.org\/{rel}","templated":true}]}}