{"id":21039,"date":"2024-02-21T10:11:03","date_gmt":"2024-02-21T09:11:03","guid":{"rendered":"https:\/\/www.andreclaude.fr\/web\/?post_type=product&#038;p=21039"},"modified":"2024-02-21T10:59:10","modified_gmt":"2024-02-21T09:59:10","slug":"biere-cocon-bouteille-33-cl","status":"publish","type":"product","link":"https:\/\/www.andreclaude.fr\/web\/index.php\/produit\/biere-cocon-bouteille-33-cl\/","title":{"rendered":"Bi\u00e8re blanche Cocon Bouteille 33 cl Elue \u201cMeilleure bi\u00e8re du Monde\u201d en 2021"},"content":{"rendered":"<p>promo<\/p>\n","protected":false},"excerpt":{"rendered":"<p>Elue \u201cMeilleure bi\u00e8re du Monde\u201d en 2021<\/p>\n<p>Bi\u00e8re de Maintenon<\/p>\n<p>Une bi\u00e8re artisanale onctueuse et acidul\u00e9e.<\/p>\n<p>Bi\u00e8re artisanale finement p\u00e9tillante, l\u00e9g\u00e8re et onctueuse. Des notes de pamplemousse et de citron vert.<br \/>\n\u00c0 table, la bi\u00e8re de garde pur malt \u201cCocon\u201d pourra accompagner coquillages, poissons grill\u00e9s et poissons fum\u00e9s, fromages de ch\u00e8vre, crudit\u00e9s.<\/p>\n<p>Ingr\u00e9dients : eau, malts d\u2019orge et malt de bl\u00e9, houblons, levure.<\/p>\n<p>D\u00e9tails techniques : bi\u00e8re de bl\u00e9 (dite \u201cblanche\u201d) de garde pur malt, de style Wheat Ale. Malt Pale Ale, malt de bl\u00e9 (France), et malt Caramel. Houblons aux saveurs d\u2019agrume. 5% alc. vol. Service entre 4 et 6\u00b0C.<br \/>\nR\u00e9compenses<\/p>\n<p>    Troph\u00e9e de la \u201cMeilleure bi\u00e8re du Monde\u201d : class\u00e9e 1\u00e8re sur les 1632 bi\u00e8res d\u00e9gust\u00e9es et les 17 pays en lice au Concours International de Lyon 2021.<br \/>\n    M\u00e9daille d\u2019Or 2021 au Concours International de Lyon.<br \/>\n    Fourquet d\u2019Argent 2021 au Concours National du Mus\u00e9e Fran\u00e7ais de la Brasserie.<br \/>\n    1 \u00e9toile \u201cBi\u00e8re tr\u00e8s r\u00e9ussie\u201d au Guide Hachette des Bi\u00e8res 2022<br \/>\n    M\u00e9daille d\u2019Or 2023 pour le graphisme d\u2019\u00e9tiquette au World Beer Award en Angleterre<\/p>\n<p>Brasserie Bacquet 28 130 Pierres<\/p>\n<p>La consommation de boissons alcoolis\u00e9es pendant la grossesse, m\u00eame en faible quantit\u00e9, peut avoir des cons\u00e9quences graves sur la sant\u00e9 de l\u2019enfant.<\/p>\n<p>L ABUS D ALCOOL EST DANGEREUX POUR LA SANTE. A CONSOMMER AVEC MODERATION<\/p>\n<p>LA VENTE D ALCOOL EST INTERDITE AUX MINEURS.<\/p>\n","protected":false},"featured_media":21040,"comment_status":"closed","ping_status":"closed","template":"","meta":[],"product_cat":[196,194,160],"product_tag":[],"jetpack_publicize_connections":[],"_links":{"self":[{"href":"https:\/\/www.andreclaude.fr\/web\/index.php\/wp-json\/wp\/v2\/product\/21039"}],"collection":[{"href":"https:\/\/www.andreclaude.fr\/web\/index.php\/wp-json\/wp\/v2\/product"}],"about":[{"href":"https:\/\/www.andreclaude.fr\/web\/index.php\/wp-json\/wp\/v2\/types\/product"}],"replies":[{"embeddable":true,"href":"https:\/\/www.andreclaude.fr\/web\/index.php\/wp-json\/wp\/v2\/comments?post=21039"}],"wp:featuredmedia":[{"embeddable":true,"href":"https:\/\/www.andreclaude.fr\/web\/index.php\/wp-json\/wp\/v2\/media\/21040"}],"wp:attachment":[{"href":"https:\/\/www.andreclaude.fr\/web\/index.php\/wp-json\/wp\/v2\/media?parent=21039"}],"wp:term":[{"taxonomy":"product_cat","embeddable":true,"href":"https:\/\/www.andreclaude.fr\/web\/index.php\/wp-json\/wp\/v2\/product_cat?post=21039"},{"taxonomy":"product_tag","embeddable":true,"href":"https:\/\/www.andreclaude.fr\/web\/index.php\/wp-json\/wp\/v2\/product_tag?post=21039"}],"curies":[{"name":"wp","href":"https:\/\/api.w.org\/{rel}","templated":true}]}}