{"id":20950,"date":"2024-01-10T06:05:46","date_gmt":"2024-01-10T05:05:46","guid":{"rendered":"https:\/\/www.andreclaude.fr\/web\/?post_type=product&#038;p=20950"},"modified":"2024-12-30T11:41:49","modified_gmt":"2024-12-30T10:41:49","slug":"bib-fontaine-5-litres-pellehaut-rouge","status":"publish","type":"product","link":"https:\/\/www.andreclaude.fr\/web\/index.php\/produit\/bib-fontaine-5-litres-pellehaut-rouge\/","title":{"rendered":"Bib Fontaine 5 litres Pellehaut Rouge"},"content":{"rendered":"","protected":false},"excerpt":{"rendered":"<p>Soit 4,49 \u20ac les 75 cl<\/p>\n<p>Accords mets et vins: \u00ab\u00a0Le Pellehaut rouge\u00a0\u00bb vous s\u2019accordera \u00e0 merveille avec des grillades, des viandes rouges ou de la volaille.<\/p>\n<p>La consommation de boissons alcoolis\u00e9es pendant la grossesse, m\u00eame en faible quantit\u00e9, peut avoir des cons\u00e9quences graves sur la sant\u00e9 de l\u2019enfant.<\/p>\n<p>L ABUS D ALCOOL EST DANGEREUX POUR LA SANTE. A CONSOMMER AVEC MODERATION.<\/p>\n<p>LA VENTE D ALCOOL EST INTERDITE AUX MINEURS.<\/p>\n<p>Famille B\u00e9raut 32250 Montr\u00e9al Du Gers<\/p>\n","protected":false},"featured_media":20948,"comment_status":"closed","ping_status":"closed","template":"","meta":[],"product_cat":[194,155],"product_tag":[],"jetpack_publicize_connections":[],"_links":{"self":[{"href":"https:\/\/www.andreclaude.fr\/web\/index.php\/wp-json\/wp\/v2\/product\/20950"}],"collection":[{"href":"https:\/\/www.andreclaude.fr\/web\/index.php\/wp-json\/wp\/v2\/product"}],"about":[{"href":"https:\/\/www.andreclaude.fr\/web\/index.php\/wp-json\/wp\/v2\/types\/product"}],"replies":[{"embeddable":true,"href":"https:\/\/www.andreclaude.fr\/web\/index.php\/wp-json\/wp\/v2\/comments?post=20950"}],"wp:featuredmedia":[{"embeddable":true,"href":"https:\/\/www.andreclaude.fr\/web\/index.php\/wp-json\/wp\/v2\/media\/20948"}],"wp:attachment":[{"href":"https:\/\/www.andreclaude.fr\/web\/index.php\/wp-json\/wp\/v2\/media?parent=20950"}],"wp:term":[{"taxonomy":"product_cat","embeddable":true,"href":"https:\/\/www.andreclaude.fr\/web\/index.php\/wp-json\/wp\/v2\/product_cat?post=20950"},{"taxonomy":"product_tag","embeddable":true,"href":"https:\/\/www.andreclaude.fr\/web\/index.php\/wp-json\/wp\/v2\/product_tag?post=20950"}],"curies":[{"name":"wp","href":"https:\/\/api.w.org\/{rel}","templated":true}]}}