{"id":20741,"date":"2023-09-26T07:59:16","date_gmt":"2023-09-26T06:59:16","guid":{"rendered":"https:\/\/www.andreclaude.fr\/web\/?post_type=product&#038;p=20741"},"modified":"2024-12-30T08:49:34","modified_gmt":"2024-12-30T07:49:34","slug":"bourgogne-aligote-la-demi-bouteiille-375-cl-2022","status":"publish","type":"product","link":"https:\/\/www.andreclaude.fr\/web\/index.php\/produit\/bourgogne-aligote-la-demi-bouteiille-375-cl-2022\/","title":{"rendered":"Bourgogne Aligot\u00e9 La Demi bouteille 37,5 cl 2022"},"content":{"rendered":"","protected":false},"excerpt":{"rendered":"<p>La Chablisienne. Couleur Robe jaune p\u00e2le brillante. Ar\u00f4mes Nez de fleurs blanches. Bouche riche avec une touche de fra\u00eecheur et une finale sur l&rsquo;agrume. Accords mets : L\u00e9gumes crus,M\u00e9langes sal\u00e9s,Terrines de la mer,Fruits de mer,Poissons.<\/p>\n<p>Alcool 12.5 %. Contient des sulfites.<\/p>\n<p><span class=\"st\">La Chablisienne Boulevard Pasteur 89800 Chablis.<\/span><\/p>\n<p>La consommation de boissons alcoolis\u00e9es pendant la grossesse, m\u00eame en faible quantit\u00e9, peut avoir des cons\u00e9quences graves sur la sant\u00e9 de l\u2019enfant.<\/p>\n<p>LA VENTE D ALCOOL EST INTERDITE AUX MINEURS.<\/p>\n<p>L ABUS D ALCOOL EST DANGEREUX POUR LA SANTE. A CONSOMMER AVEC MODERATION.<\/p>\n","protected":false},"featured_media":7198,"comment_status":"closed","ping_status":"closed","template":"","meta":[],"product_cat":[194,158],"product_tag":[],"jetpack_publicize_connections":[],"_links":{"self":[{"href":"https:\/\/www.andreclaude.fr\/web\/index.php\/wp-json\/wp\/v2\/product\/20741"}],"collection":[{"href":"https:\/\/www.andreclaude.fr\/web\/index.php\/wp-json\/wp\/v2\/product"}],"about":[{"href":"https:\/\/www.andreclaude.fr\/web\/index.php\/wp-json\/wp\/v2\/types\/product"}],"replies":[{"embeddable":true,"href":"https:\/\/www.andreclaude.fr\/web\/index.php\/wp-json\/wp\/v2\/comments?post=20741"}],"wp:featuredmedia":[{"embeddable":true,"href":"https:\/\/www.andreclaude.fr\/web\/index.php\/wp-json\/wp\/v2\/media\/7198"}],"wp:attachment":[{"href":"https:\/\/www.andreclaude.fr\/web\/index.php\/wp-json\/wp\/v2\/media?parent=20741"}],"wp:term":[{"taxonomy":"product_cat","embeddable":true,"href":"https:\/\/www.andreclaude.fr\/web\/index.php\/wp-json\/wp\/v2\/product_cat?post=20741"},{"taxonomy":"product_tag","embeddable":true,"href":"https:\/\/www.andreclaude.fr\/web\/index.php\/wp-json\/wp\/v2\/product_tag?post=20741"}],"curies":[{"name":"wp","href":"https:\/\/api.w.org\/{rel}","templated":true}]}}