{"id":20731,"date":"2023-09-22T04:48:23","date_gmt":"2023-09-22T03:48:23","guid":{"rendered":"https:\/\/www.andreclaude.fr\/web\/?post_type=product&#038;p=20731"},"modified":"2023-09-22T05:02:26","modified_gmt":"2023-09-22T04:02:26","slug":"rhum-shrubb-la-bouteille-70-cl","status":"publish","type":"product","link":"https:\/\/www.andreclaude.fr\/web\/index.php\/produit\/rhum-shrubb-la-bouteille-70-cl\/","title":{"rendered":"Rhum Shrubb la bouteille 70 cl"},"content":{"rendered":"","protected":false},"excerpt":{"rendered":"<p>Cette recette traditionnelle des Antilles mettra un peu de soleil dans votre verre.<br \/>\nUn rhum arrang\u00e9 aux doux parfums d\u2019oranges et de cannelle.<br \/>\nIl peut se consommer frais ou \u00e0 temp\u00e9rature ambiante, \u00e0 l\u2019ap\u00e9ritif ou en digestif.<br \/>\nOn peut le d\u00e9guster en kir avec un vin p\u00e9tillant.<\/p>\n<p>Alcool 28.5 %<\/p>\n<p>La consommation de boissons alcoolis\u00e9es pendant la grossesse, m\u00eame en faible quantit\u00e9, peut avoir des cons\u00e9quences graves sur la sant\u00e9 de l\u2019enfant.<\/p>\n<p>L ABUS D ALCOOL EST DANGEREUX POUR LA SANTE. A CONSOMMER AVEC MODERATION.<\/p>\n<p>LA VENTE D ALCOOL EST INTERDITE AUX MINEURS.<\/p>\n<p>L\u2019arom&rsquo;arrang\u00e9 249 rue de la Girardi\u00e8re\u00a0 37530 Charg\u00e9.<\/p>\n","protected":false},"featured_media":20732,"comment_status":"closed","ping_status":"closed","template":"","meta":[],"product_cat":[194,160],"product_tag":[],"jetpack_publicize_connections":[],"_links":{"self":[{"href":"https:\/\/www.andreclaude.fr\/web\/index.php\/wp-json\/wp\/v2\/product\/20731"}],"collection":[{"href":"https:\/\/www.andreclaude.fr\/web\/index.php\/wp-json\/wp\/v2\/product"}],"about":[{"href":"https:\/\/www.andreclaude.fr\/web\/index.php\/wp-json\/wp\/v2\/types\/product"}],"replies":[{"embeddable":true,"href":"https:\/\/www.andreclaude.fr\/web\/index.php\/wp-json\/wp\/v2\/comments?post=20731"}],"wp:featuredmedia":[{"embeddable":true,"href":"https:\/\/www.andreclaude.fr\/web\/index.php\/wp-json\/wp\/v2\/media\/20732"}],"wp:attachment":[{"href":"https:\/\/www.andreclaude.fr\/web\/index.php\/wp-json\/wp\/v2\/media?parent=20731"}],"wp:term":[{"taxonomy":"product_cat","embeddable":true,"href":"https:\/\/www.andreclaude.fr\/web\/index.php\/wp-json\/wp\/v2\/product_cat?post=20731"},{"taxonomy":"product_tag","embeddable":true,"href":"https:\/\/www.andreclaude.fr\/web\/index.php\/wp-json\/wp\/v2\/product_tag?post=20731"}],"curies":[{"name":"wp","href":"https:\/\/api.w.org\/{rel}","templated":true}]}}