{"id":20706,"date":"2023-09-16T08:28:13","date_gmt":"2023-09-16T07:28:13","guid":{"rendered":"https:\/\/www.andreclaude.fr\/web\/?post_type=product&#038;p=20706"},"modified":"2024-12-30T08:44:57","modified_gmt":"2024-12-30T07:44:57","slug":"saint-pourcain-blanc-reserve-speciale-75-cl-2021","status":"publish","type":"product","link":"https:\/\/www.andreclaude.fr\/web\/index.php\/produit\/saint-pourcain-blanc-reserve-speciale-75-cl-2021\/","title":{"rendered":"Saint Pour\u00e7ain Blanc R\u00e9serve Sp\u00e9ciale 75 cl 2023"},"content":{"rendered":"","protected":false},"excerpt":{"rendered":"<p>42 \u20ac\u00a0 le carton de 6 bouteilles soit 7 \u20ac la bouteille<\/p>\n<p>SAINT-POUR\u00c7AIN  A.O.C. Mis en bouteille \u00e0 la propri\u00e9t\u00e9<br \/>\nRobe jaune dor\u00e9 \u00e0 l\u00e9gers reflets verts. Le nez \u00e9l\u00e9gant exprime des nuances de fruits blancs caract\u00e9ristique du Tressallier largement pr\u00e9sent dans ce vin, et d\u2019une pointe d\u2019agrumes. La bouche est ample et fraiche, en finale on retrouve la pr\u00e9sence de fruits blancs et fleurs blanches comme l\u2019aub\u00e9pine.<br \/>\nC\u00e9pages : 40 % Tressallier &#038; 60 % Chardonnay<br \/>\nAge  moyen des vignes : 30 ans.<br \/>\nVinification : Vendanges et vinifications par c\u00e9page et par terroir.<br \/>\n\u00c9levage : En cuves inox sur lies fines pendant 5 mois.<br \/>\nA appr\u00e9cier en ap\u00e9ritif, sur des poissons et crustac\u00e9s.<br \/>\nA boire frais 8\u00b0C \u00e0 10\u00b0C <\/p>\n<p class=\" text-justify\">Alcool 13 % Contient des sulfites.<\/p>\n<p class=\" text-justify\">UDVDSP Saint Pour\u00e7ain SUR Sioul Allier<\/p>\n<p class=\" text-justify\">La consommation de boissons alcoolis\u00e9es pendant la grossesse, m\u00eame en faible quantit\u00e9, peut avoir des cons\u00e9quences graves sur la sant\u00e9 de l\u2019enfant.<\/p>\n<p class=\" text-justify\">L ABUS D ALCOOL EST DANGEREUX POUR LA SANTE. A CONSOMMER AVEC MODERATION.<\/p>\n<p class=\" text-justify\">LA VENTE D ALCOOL EST INTERDITE AUX MINEURS.<\/p>\n","protected":false},"featured_media":20707,"comment_status":"closed","ping_status":"closed","template":"","meta":[],"product_cat":[194,162],"product_tag":[],"jetpack_publicize_connections":[],"_links":{"self":[{"href":"https:\/\/www.andreclaude.fr\/web\/index.php\/wp-json\/wp\/v2\/product\/20706"}],"collection":[{"href":"https:\/\/www.andreclaude.fr\/web\/index.php\/wp-json\/wp\/v2\/product"}],"about":[{"href":"https:\/\/www.andreclaude.fr\/web\/index.php\/wp-json\/wp\/v2\/types\/product"}],"replies":[{"embeddable":true,"href":"https:\/\/www.andreclaude.fr\/web\/index.php\/wp-json\/wp\/v2\/comments?post=20706"}],"wp:featuredmedia":[{"embeddable":true,"href":"https:\/\/www.andreclaude.fr\/web\/index.php\/wp-json\/wp\/v2\/media\/20707"}],"wp:attachment":[{"href":"https:\/\/www.andreclaude.fr\/web\/index.php\/wp-json\/wp\/v2\/media?parent=20706"}],"wp:term":[{"taxonomy":"product_cat","embeddable":true,"href":"https:\/\/www.andreclaude.fr\/web\/index.php\/wp-json\/wp\/v2\/product_cat?post=20706"},{"taxonomy":"product_tag","embeddable":true,"href":"https:\/\/www.andreclaude.fr\/web\/index.php\/wp-json\/wp\/v2\/product_tag?post=20706"}],"curies":[{"name":"wp","href":"https:\/\/api.w.org\/{rel}","templated":true}]}}