{"id":20610,"date":"2023-08-04T07:36:30","date_gmt":"2023-08-04T06:36:30","guid":{"rendered":"https:\/\/www.andreclaude.fr\/web\/?post_type=product&#038;p=20610"},"modified":"2024-02-07T09:40:24","modified_gmt":"2024-02-07T08:40:24","slug":"limonade-de-beauce-cassis-bouteille-33-cl","status":"publish","type":"product","link":"https:\/\/www.andreclaude.fr\/web\/index.php\/produit\/limonade-de-beauce-cassis-bouteille-33-cl\/","title":{"rendered":"Limonade de Beauce Cassis bouteille 33 cl"},"content":{"rendered":"<p class=\"m-b5\">Maison Savour\u00e9<\/p>\n<p>11, avenue Justin-Clichy &#8211; 28310 JANVILLE<\/p>\n","protected":false},"excerpt":{"rendered":"<p>6 \u20ac les 3 bouteilles<\/p>\n<p>La limonade nature, cr\u00e9e en 1888, se diversifie en 2013 en se colorant et en s&rsquo;aromatisant de plusieurs parfums. La citron glac\u00e9 n&rsquo;est pas sans rappeler une fameuse glace au citron de notre enfance. A boire bien frais!<\/p>\n<p>Composition<br \/>\nEau gaz\u00e9ifi\u00e9e, sucre de betterave, dioxyde de carbone, concentr\u00e9 colorant carotte, acidifiant : acide citrique, jus de cassis.<\/p>\n","protected":false},"featured_media":20611,"comment_status":"closed","ping_status":"closed","template":"","meta":[],"product_cat":[212,196,194],"product_tag":[],"jetpack_publicize_connections":[],"_links":{"self":[{"href":"https:\/\/www.andreclaude.fr\/web\/index.php\/wp-json\/wp\/v2\/product\/20610"}],"collection":[{"href":"https:\/\/www.andreclaude.fr\/web\/index.php\/wp-json\/wp\/v2\/product"}],"about":[{"href":"https:\/\/www.andreclaude.fr\/web\/index.php\/wp-json\/wp\/v2\/types\/product"}],"replies":[{"embeddable":true,"href":"https:\/\/www.andreclaude.fr\/web\/index.php\/wp-json\/wp\/v2\/comments?post=20610"}],"wp:featuredmedia":[{"embeddable":true,"href":"https:\/\/www.andreclaude.fr\/web\/index.php\/wp-json\/wp\/v2\/media\/20611"}],"wp:attachment":[{"href":"https:\/\/www.andreclaude.fr\/web\/index.php\/wp-json\/wp\/v2\/media?parent=20610"}],"wp:term":[{"taxonomy":"product_cat","embeddable":true,"href":"https:\/\/www.andreclaude.fr\/web\/index.php\/wp-json\/wp\/v2\/product_cat?post=20610"},{"taxonomy":"product_tag","embeddable":true,"href":"https:\/\/www.andreclaude.fr\/web\/index.php\/wp-json\/wp\/v2\/product_tag?post=20610"}],"curies":[{"name":"wp","href":"https:\/\/api.w.org\/{rel}","templated":true}]}}