{"id":20599,"date":"2023-08-04T06:43:20","date_gmt":"2023-08-04T05:43:20","guid":{"rendered":"https:\/\/www.andreclaude.fr\/web\/?post_type=product&#038;p=20599"},"modified":"2024-02-07T09:55:51","modified_gmt":"2024-02-07T08:55:51","slug":"beauce-limonade-de-beauce-bouteille-33-cl","status":"publish","type":"product","link":"https:\/\/www.andreclaude.fr\/web\/index.php\/produit\/beauce-limonade-de-beauce-bouteille-33-cl\/","title":{"rendered":"Limonade de Beauce bouteille 33 cl"},"content":{"rendered":"<p class=\"m-b5\">Maison Savour\u00e9<\/p>\n<p>11, avenue Justin-Clichy &#8211; 28310 JANVILLE<\/p>\n","protected":false},"excerpt":{"rendered":"<p>6 \u20ac les 3 bouteilles<\/p>\n<p>Sans colorant,Sans ar\u00f4me artificiel,Sans conservateur. Elle est con\u00e7ue avec des produits de notre terroir :Eau des nappes de Beauce,Sucre de betterave,Ar\u00f4me naturel d\u2019agrumes.<\/p>\n<p>Ingr\u00e9dients : Eau gaz\u00e9ifi\u00e9e, sucre de betterave, ar\u00f4mes naturels d&rsquo;agrumes, acide citrique.<\/p>\n<p>D\u00e9claration nutritionnelle pour 100ml :<\/p>\n<p>Energie : 131kj \/ 31kcal<\/p>\n<p>Mati\u00e8res grasses : 0g dont acides gras satur\u00e9s : 0g<\/p>\n<p>Glucides : 7.6g dont sucres : 7.6g<\/p>\n<p>Prot\u00e9ines : 0g<\/p>\n<p>Sel : 0g<\/p>\n<p>&nbsp;<\/p>\n<p>&nbsp;<\/p>\n","protected":false},"featured_media":7050,"comment_status":"closed","ping_status":"closed","template":"","meta":[],"product_cat":[212,196,194],"product_tag":[],"jetpack_publicize_connections":[],"_links":{"self":[{"href":"https:\/\/www.andreclaude.fr\/web\/index.php\/wp-json\/wp\/v2\/product\/20599"}],"collection":[{"href":"https:\/\/www.andreclaude.fr\/web\/index.php\/wp-json\/wp\/v2\/product"}],"about":[{"href":"https:\/\/www.andreclaude.fr\/web\/index.php\/wp-json\/wp\/v2\/types\/product"}],"replies":[{"embeddable":true,"href":"https:\/\/www.andreclaude.fr\/web\/index.php\/wp-json\/wp\/v2\/comments?post=20599"}],"wp:featuredmedia":[{"embeddable":true,"href":"https:\/\/www.andreclaude.fr\/web\/index.php\/wp-json\/wp\/v2\/media\/7050"}],"wp:attachment":[{"href":"https:\/\/www.andreclaude.fr\/web\/index.php\/wp-json\/wp\/v2\/media?parent=20599"}],"wp:term":[{"taxonomy":"product_cat","embeddable":true,"href":"https:\/\/www.andreclaude.fr\/web\/index.php\/wp-json\/wp\/v2\/product_cat?post=20599"},{"taxonomy":"product_tag","embeddable":true,"href":"https:\/\/www.andreclaude.fr\/web\/index.php\/wp-json\/wp\/v2\/product_tag?post=20599"}],"curies":[{"name":"wp","href":"https:\/\/api.w.org\/{rel}","templated":true}]}}