{"id":19302,"date":"2022-04-11T07:53:57","date_gmt":"2022-04-11T06:53:57","guid":{"rendered":"https:\/\/www.andreclaude.fr\/web\/?post_type=product&#038;p=19302"},"modified":"2022-04-11T07:56:41","modified_gmt":"2022-04-11T06:56:41","slug":"coffret-1-b-rhum-arrange-et-2-verres","status":"publish","type":"product","link":"https:\/\/www.andreclaude.fr\/web\/index.php\/produit\/coffret-1-b-rhum-arrange-et-2-verres\/","title":{"rendered":"Coffret 1 B. Rhum Arrang\u00e9 et 2 verres"},"content":{"rendered":"","protected":false},"excerpt":{"rendered":"<p>Coffret 1 B. Rhum Arrang\u00e9 et 2 verres<\/p>\n<p>Alcool entre 17 et 34\u00a0 % selon les vari\u00e9t\u00e9es<\/p>\n<p>La consommation de boissons alcoolis\u00e9es pendant la grossesse, m\u00eame en faible quantit\u00e9, peut avoir des cons\u00e9quences graves sur la sant\u00e9 de l\u2019enfant.<\/p>\n<p>L ABUS D ALCOOL EST DANGEREUX POUR LA SANTE. A CONSOMMER AVEC MODERATION.<\/p>\n<p>LA VENTE D ALCOOL EST INTERDITE AUX MINEURS.<\/p>\n<p>L\u2019arom\u2019arrang\u00e9 249 rue de la Girardi\u00e8re\u00a0 37530 Charg\u00e9.<\/p>\n","protected":false},"featured_media":19303,"comment_status":"closed","ping_status":"closed","template":"","meta":[],"product_cat":[194,197,160],"product_tag":[],"jetpack_publicize_connections":[],"_links":{"self":[{"href":"https:\/\/www.andreclaude.fr\/web\/index.php\/wp-json\/wp\/v2\/product\/19302"}],"collection":[{"href":"https:\/\/www.andreclaude.fr\/web\/index.php\/wp-json\/wp\/v2\/product"}],"about":[{"href":"https:\/\/www.andreclaude.fr\/web\/index.php\/wp-json\/wp\/v2\/types\/product"}],"replies":[{"embeddable":true,"href":"https:\/\/www.andreclaude.fr\/web\/index.php\/wp-json\/wp\/v2\/comments?post=19302"}],"wp:featuredmedia":[{"embeddable":true,"href":"https:\/\/www.andreclaude.fr\/web\/index.php\/wp-json\/wp\/v2\/media\/19303"}],"wp:attachment":[{"href":"https:\/\/www.andreclaude.fr\/web\/index.php\/wp-json\/wp\/v2\/media?parent=19302"}],"wp:term":[{"taxonomy":"product_cat","embeddable":true,"href":"https:\/\/www.andreclaude.fr\/web\/index.php\/wp-json\/wp\/v2\/product_cat?post=19302"},{"taxonomy":"product_tag","embeddable":true,"href":"https:\/\/www.andreclaude.fr\/web\/index.php\/wp-json\/wp\/v2\/product_tag?post=19302"}],"curies":[{"name":"wp","href":"https:\/\/api.w.org\/{rel}","templated":true}]}}