{"id":18642,"date":"2021-11-30T17:12:34","date_gmt":"2021-11-30T16:12:34","guid":{"rendered":"http:\/\/www.andreclaude.fr\/web\/?post_type=product&#038;p=18642"},"modified":"2025-10-30T05:50:31","modified_gmt":"2025-10-30T04:50:31","slug":"truffes-nature-france-boite-de-200-grs","status":"publish","type":"product","link":"https:\/\/www.andreclaude.fr\/web\/index.php\/produit\/truffes-nature-france-boite-de-200-grs\/","title":{"rendered":"AA Truffes nature France boite de 200 grs"},"content":{"rendered":"<p>PROMO<\/p>\n","protected":false},"excerpt":{"rendered":"<p>Les truffes Mathez sont un plaisir toujours renouvel\u00e9. Un vrai cadeau gourmand qui sait plaire au plus grand nombre avec cet incomparable fondant et ce go\u00fbt de cacao intense.<\/p>\n<p>Mathez a cr\u00e9\u00e9 une gamme de boites m\u00e9tal tr\u00e8s color\u00e9es au design d\u00e9finitivement dans l&rsquo;air du temps : Les Parisiennes. Un vrai voyage au coeur de Paris!<\/p>\n<p>Vous pourrez les pr\u00e9senter sur vos tables, les utiliser comme objet d\u00e9coratif ou encore pour y ranger vos divers ingr\u00e9dients culinaires.<\/p>\n<p><em>Produit sensible \u00e0 la chaleur, \u00e0 conserver dans un endroit sec et frais, de 15 \u00e0 18\u00b0C.<\/em><\/p>\n<div id=\"composition\" class=\"panel panel-default\">\n<div class=\"panel-heading\">\n<p class=\"panel-title\">Composition<i> <\/i>Graisses v\u00e9g\u00e9tales (coprah, palmiste), sucre, cacao maigre en poudre, <strong>lactos\u00e9rum<\/strong> en poudre, cacao en poudre, \u00e9mulsifiant : l\u00e9cithines de <strong>soja<\/strong>. Traces \u00e9ventuelles de <strong>gluten<\/strong>, <strong>noisettes<\/strong>, <strong>amandes<\/strong>, <strong>\u0153uf<\/strong> et <strong>pistaches<\/strong>. F\u00e8ves de cacao : origine Afrique de l&rsquo;Ouest<\/p>\n<\/div>\n<div id=\"collapseOne\" class=\"panel-collapse collapse in\">\n<table class=\"table table-condensed table-hover\">\n<thead>\n<tr>\n<th>Valeurs nutritionnelles moyennes<\/th>\n<th class=\"text-right\">Pour 100g<\/th>\n<th><\/th>\n<\/tr>\n<\/thead>\n<tbody>\n<tr>\n<td scope=\"row\">Energie<\/td>\n<td class=\"text-right\">600 \/ 2512.08<\/td>\n<td class=\"text-left\">kcal \/ kJ<\/td>\n<\/tr>\n<tr>\n<td scope=\"row\">Mati\u00e8res grasses<\/td>\n<td class=\"text-right\">46<\/td>\n<td class=\"text-left\">g<\/td>\n<\/tr>\n<tr>\n<td scope=\"row\">\u2003\u2003Acides gras satur\u00e9s<\/td>\n<td class=\"text-right\">39<\/td>\n<td class=\"text-left\">g<\/td>\n<\/tr>\n<tr>\n<td scope=\"row\">Glucides<\/td>\n<td class=\"text-right\">41<\/td>\n<td class=\"text-left\">g<\/td>\n<\/tr>\n<tr>\n<td scope=\"row\">\u2003\u2003Sucres<\/td>\n<td class=\"text-right\">39<\/td>\n<td class=\"text-left\">g<\/td>\n<\/tr>\n<tr>\n<td scope=\"row\">Prot\u00e9ines<\/td>\n<td class=\"text-right\">4,1<\/td>\n<td class=\"text-left\">g<\/td>\n<\/tr>\n<tr>\n<td scope=\"row\">Sel<\/td>\n<td class=\"text-right\">0,12<\/td>\n<td class=\"text-left\">g<\/td>\n<\/tr>\n<\/tbody>\n<\/table>\n<\/div>\n<\/div>\n","protected":false},"featured_media":18644,"comment_status":"closed","ping_status":"closed","template":"","meta":[],"product_cat":[194,171],"product_tag":[],"jetpack_publicize_connections":[],"_links":{"self":[{"href":"https:\/\/www.andreclaude.fr\/web\/index.php\/wp-json\/wp\/v2\/product\/18642"}],"collection":[{"href":"https:\/\/www.andreclaude.fr\/web\/index.php\/wp-json\/wp\/v2\/product"}],"about":[{"href":"https:\/\/www.andreclaude.fr\/web\/index.php\/wp-json\/wp\/v2\/types\/product"}],"replies":[{"embeddable":true,"href":"https:\/\/www.andreclaude.fr\/web\/index.php\/wp-json\/wp\/v2\/comments?post=18642"}],"wp:featuredmedia":[{"embeddable":true,"href":"https:\/\/www.andreclaude.fr\/web\/index.php\/wp-json\/wp\/v2\/media\/18644"}],"wp:attachment":[{"href":"https:\/\/www.andreclaude.fr\/web\/index.php\/wp-json\/wp\/v2\/media?parent=18642"}],"wp:term":[{"taxonomy":"product_cat","embeddable":true,"href":"https:\/\/www.andreclaude.fr\/web\/index.php\/wp-json\/wp\/v2\/product_cat?post=18642"},{"taxonomy":"product_tag","embeddable":true,"href":"https:\/\/www.andreclaude.fr\/web\/index.php\/wp-json\/wp\/v2\/product_tag?post=18642"}],"curies":[{"name":"wp","href":"https:\/\/api.w.org\/{rel}","templated":true}]}}