{"id":17768,"date":"2021-03-19T07:00:47","date_gmt":"2021-03-19T06:00:47","guid":{"rendered":"http:\/\/www.andreclaude.fr\/web\/index.php\/produit\/macedoine-de-legumes-le-bocal-de-660g\/"},"modified":"2022-01-28T08:51:23","modified_gmt":"2022-01-28T07:51:23","slug":"macedoine-de-legumes-le-bocal-de-660g","status":"publish","type":"product","link":"https:\/\/www.andreclaude.fr\/web\/index.php\/produit\/macedoine-de-legumes-le-bocal-de-660g\/","title":{"rendered":"Mac\u00e9doine de L\u00e9gumes le bocal de 660g"},"content":{"rendered":"","protected":false},"excerpt":{"rendered":"<p>Poids net : 660 g<br \/>\nPoids net \u00e9goutt\u00e9 : 420g<\/p>\n<p>CARACTERISTIQUES PRODUIT<br \/>\nIngr\u00e9dients : Carotte, navet, haricot vert, petit pois, flageolet, eau, sel.<br \/>\nValeurs nutritionnelles pour 100 g de produit \u00e9goutt\u00e9 :<br \/>\nEnergie 178 kJ \/ 43 kcal<br \/>\nMati\u00e8res grasses 0,4 g<br \/>\ndont satur\u00e9s 0,1 g<br \/>\nGlucides 4.9 g<br \/>\nDont Sucres\u00a01 g<br \/>\nFibres alimentaires 4.3 g<br \/>\nProt\u00e9ines 2.7 g<br \/>\nSel 0,27 g<br \/>\nStockage avant emploi : A conserver \u00e0 temp\u00e9rature<br \/>\nambiante, de pr\u00e9f\u00e9rence dans un endroit frais et sec et \u00e0<br \/>\nl&rsquo;abri de la lumi\u00e8re.<br \/>\nStockage apr\u00e8s ouverture : A conserver au<br \/>\nr\u00e9fr\u00e9girateur \u00e0 4\u00b0C maximum dans un r\u00e9cipient<br \/>\nalimentaire propre et ferm\u00e9, et consommer sous 48h.<\/p>\n<p>Elabor\u00e9 en France<\/p>\n<p>SDP RUNGIS 94537 Orly<\/p>\n","protected":false},"featured_media":17769,"comment_status":"closed","ping_status":"closed","template":"","meta":[],"product_cat":[194,178],"product_tag":[],"jetpack_publicize_connections":[],"_links":{"self":[{"href":"https:\/\/www.andreclaude.fr\/web\/index.php\/wp-json\/wp\/v2\/product\/17768"}],"collection":[{"href":"https:\/\/www.andreclaude.fr\/web\/index.php\/wp-json\/wp\/v2\/product"}],"about":[{"href":"https:\/\/www.andreclaude.fr\/web\/index.php\/wp-json\/wp\/v2\/types\/product"}],"replies":[{"embeddable":true,"href":"https:\/\/www.andreclaude.fr\/web\/index.php\/wp-json\/wp\/v2\/comments?post=17768"}],"wp:featuredmedia":[{"embeddable":true,"href":"https:\/\/www.andreclaude.fr\/web\/index.php\/wp-json\/wp\/v2\/media\/17769"}],"wp:attachment":[{"href":"https:\/\/www.andreclaude.fr\/web\/index.php\/wp-json\/wp\/v2\/media?parent=17768"}],"wp:term":[{"taxonomy":"product_cat","embeddable":true,"href":"https:\/\/www.andreclaude.fr\/web\/index.php\/wp-json\/wp\/v2\/product_cat?post=17768"},{"taxonomy":"product_tag","embeddable":true,"href":"https:\/\/www.andreclaude.fr\/web\/index.php\/wp-json\/wp\/v2\/product_tag?post=17768"}],"curies":[{"name":"wp","href":"https:\/\/api.w.org\/{rel}","templated":true}]}}