{"id":17764,"date":"2021-03-19T06:31:58","date_gmt":"2021-03-19T05:31:58","guid":{"rendered":"http:\/\/www.andreclaude.fr\/web\/index.php\/produit\/moulin-poivre-noir-de-malabar-50g\/"},"modified":"2025-09-09T07:53:38","modified_gmt":"2025-09-09T06:53:38","slug":"moulin-poivre-noir-de-malabar-50g","status":"publish","type":"product","link":"https:\/\/www.andreclaude.fr\/web\/index.php\/produit\/moulin-poivre-noir-de-malabar-50g\/","title":{"rendered":"Petit Moulin Poivre noir de Malabar 50 grs"},"content":{"rendered":"<p>Distribu\u00e9 par<\/p>\n<p>SDP<\/p>\n<p><span class=\"LrzXr\">8 Rue des Oliviers, <\/span><\/p>\n<p><span class=\"LrzXr\">94310 Orly<\/span><\/p>\n","protected":false},"excerpt":{"rendered":"<p>Pratique \u00e0 table comme en cuisine, il vous permettra d\u2019appr\u00e9cier pleinement la qualit\u00e9 des ingr\u00e9dients fra\u00eechement moulus. Ingr\u00e9dient : poivre de Malabar<\/p>\n","protected":false},"featured_media":17765,"comment_status":"closed","ping_status":"closed","template":"","meta":[],"product_cat":[194,179],"product_tag":[],"jetpack_publicize_connections":[],"_links":{"self":[{"href":"https:\/\/www.andreclaude.fr\/web\/index.php\/wp-json\/wp\/v2\/product\/17764"}],"collection":[{"href":"https:\/\/www.andreclaude.fr\/web\/index.php\/wp-json\/wp\/v2\/product"}],"about":[{"href":"https:\/\/www.andreclaude.fr\/web\/index.php\/wp-json\/wp\/v2\/types\/product"}],"replies":[{"embeddable":true,"href":"https:\/\/www.andreclaude.fr\/web\/index.php\/wp-json\/wp\/v2\/comments?post=17764"}],"wp:featuredmedia":[{"embeddable":true,"href":"https:\/\/www.andreclaude.fr\/web\/index.php\/wp-json\/wp\/v2\/media\/17765"}],"wp:attachment":[{"href":"https:\/\/www.andreclaude.fr\/web\/index.php\/wp-json\/wp\/v2\/media?parent=17764"}],"wp:term":[{"taxonomy":"product_cat","embeddable":true,"href":"https:\/\/www.andreclaude.fr\/web\/index.php\/wp-json\/wp\/v2\/product_cat?post=17764"},{"taxonomy":"product_tag","embeddable":true,"href":"https:\/\/www.andreclaude.fr\/web\/index.php\/wp-json\/wp\/v2\/product_tag?post=17764"}],"curies":[{"name":"wp","href":"https:\/\/api.w.org\/{rel}","templated":true}]}}