{"id":17671,"date":"2021-03-08T09:13:11","date_gmt":"2021-03-08T08:13:11","guid":{"rendered":"http:\/\/www.andreclaude.fr\/web\/?post_type=product&#038;p=17671"},"modified":"2022-01-26T18:04:48","modified_gmt":"2022-01-26T17:04:48","slug":"vin-dhiver-bouteille-75-cl","status":"publish","type":"product","link":"https:\/\/www.andreclaude.fr\/web\/index.php\/produit\/vin-dhiver-bouteille-75-cl\/","title":{"rendered":"Vin d&rsquo;hiver Vedrenne bouteille 75 cl"},"content":{"rendered":"","protected":false},"excerpt":{"rendered":"<p>Vin d&rsquo;hiver Maison Vedrenne \u00e0 boire chaud ou froid bouteille 75 cl<\/p>\n<p class=\"h1\">Vin d&rsquo;hiver\u00a0 75cl &#8211; 12%<\/p>\n<p><span style=\"color: #ff0000;\">SUGGESTION DE CONSOMMATION<\/span><\/p>\n<div class=\"conso__wrapper\">\n<p class=\"conso__item__title\">En boisson froide\u00a0A savourer bien frais \u00e0 l&rsquo;ap\u00e9ritif<\/p>\n<div class=\"conso__item\">En boisson chaude A d\u00e9guster en vin chaud<\/div>\n<\/div>\n<p>Retrouvez toute la tradition des vins de f\u00eate et autres \u00a0\u00bb vins de no\u00ebl \u00a0\u00bb aux \u00e9pices et agrumes (orange, cannelle, girofle\u2026).<\/p>\n<div class=\"degustation-note\">\n<p class=\"degustation-note__title\">Notes de d\u00e9gustation<\/p>\n<p class=\"degustation-note__title\"><span class=\"label\">Son nez : <\/span>Tout le piquant des \u00e9pices m\u00eal\u00e9s \u00e0 la douceur des \u00e9corces d&rsquo;agrumes.<\/p>\n<p class=\"degustation-note__title\"><span class=\"label\">Sa saveur : <\/span>Parfait \u00e9quilibre entre la douceur de la cannelle et les \u00e9pices.<\/p>\n<div class=\"degustation-note__attr degustation-note__savor\">\n<p class=\"conso__item__value\">Boisson aromatis\u00e9e \u00e0 base de vin. Ingr\u00e9dients : Vin, eau, sucre, fruits et \u00e9pices 1.4% (\u00e9corce d&rsquo; orange, cannelle, \u00e9corce de citron, clou de girofle), conservateurs : E220, E202, contient des sulfites<\/p>\n<p class=\"conso__item__value\">Vedrenne 21700 Nuits-Saint-Georges<\/p>\n<div data-canvas-width=\"228.95000000000007\">La consommation de boissons alcoolis\u00e9es pendant la grossesse, m\u00eame en faible quantit\u00e9, peut avoir des cons\u00e9quences graves sur la sant\u00e9 de l\u2019enfant.<\/div>\n<div data-canvas-width=\"228.95000000000007\">L ABUS D ALCOOL EST DANGEREUX POUR LA SANTE. A CONSOMMER AVEC MODERATION.<\/div>\n<div data-canvas-width=\"228.95000000000007\">LA VENTE D ALCOOL EST INTERDITE AUX MINEURS.<\/div>\n<div class=\"conso__wrapper\"><\/div>\n<\/div>\n<\/div>\n","protected":false},"featured_media":17672,"comment_status":"closed","ping_status":"closed","template":"","meta":[],"product_cat":[194,160],"product_tag":[],"jetpack_publicize_connections":[],"_links":{"self":[{"href":"https:\/\/www.andreclaude.fr\/web\/index.php\/wp-json\/wp\/v2\/product\/17671"}],"collection":[{"href":"https:\/\/www.andreclaude.fr\/web\/index.php\/wp-json\/wp\/v2\/product"}],"about":[{"href":"https:\/\/www.andreclaude.fr\/web\/index.php\/wp-json\/wp\/v2\/types\/product"}],"replies":[{"embeddable":true,"href":"https:\/\/www.andreclaude.fr\/web\/index.php\/wp-json\/wp\/v2\/comments?post=17671"}],"wp:featuredmedia":[{"embeddable":true,"href":"https:\/\/www.andreclaude.fr\/web\/index.php\/wp-json\/wp\/v2\/media\/17672"}],"wp:attachment":[{"href":"https:\/\/www.andreclaude.fr\/web\/index.php\/wp-json\/wp\/v2\/media?parent=17671"}],"wp:term":[{"taxonomy":"product_cat","embeddable":true,"href":"https:\/\/www.andreclaude.fr\/web\/index.php\/wp-json\/wp\/v2\/product_cat?post=17671"},{"taxonomy":"product_tag","embeddable":true,"href":"https:\/\/www.andreclaude.fr\/web\/index.php\/wp-json\/wp\/v2\/product_tag?post=17671"}],"curies":[{"name":"wp","href":"https:\/\/api.w.org\/{rel}","templated":true}]}}