{"id":17585,"date":"2021-02-25T10:37:09","date_gmt":"2021-02-25T09:37:09","guid":{"rendered":"http:\/\/www.andreclaude.fr\/web\/index.php\/produit\/whisky-francais-bellevoye-triple-malt-finition-grand-cru-70-cl-rouge\/"},"modified":"2025-11-21T11:02:59","modified_gmt":"2025-11-21T10:02:59","slug":"whisky-francais-bellevoye-triple-malt-finition-grand-cru-70-cl-rouge","status":"publish","type":"product","link":"https:\/\/www.andreclaude.fr\/web\/index.php\/produit\/whisky-francais-bellevoye-triple-malt-finition-grand-cru-70-cl-rouge\/","title":{"rendered":"Whisky Fran\u00e7ais Bellevoye Triple Malt finition grand cru 70 cl rouge"},"content":{"rendered":"","protected":false},"excerpt":{"rendered":"<p>Whisky Fran\u00e7ais Bellevoye 43\u00b0Avec \u00e9tui 70 cl<\/p>\n<div class=\"col-lg-4 col-md-12\">\n<div class=\"s-title8 ttu\">\n<div class=\"col-lg-4 col-md-12\">\n<div class=\"Popin-paragraphe\">\n<div class=\"s-title8 ttu\">Notes de d\u00e9gustation<\/div>\n<div class=\"s-title8 ttu\">Le nez r\u00e9v\u00e8le une riche palette aromatique aux notes fruit\u00e9es et fra\u00eeches. Le malt se m\u00eale aux ar\u00f4mes de prunes d\u2019Ente, de cr\u00e8me br\u00fbl\u00e9e et aux premi\u00e8res noix d\u2019automne.\u200b<\/div>\n<p>La bouche rappelle la g\u00e9n\u00e9rosit\u00e9 des dattes de Medjool. la pr\u00e9sence de notes menthol\u00e9es pr\u00e9serve l\u2019\u00e9quilibre. Les tanins sont enrob\u00e9s dans un \u00e9crin de douceur.\u200b<\/p>\n<p>Le parfum d\u2019\u00e9pices fines et de cassonade accompagne la savoureuse finale.\u200b<\/p>\n<\/div>\n<div class=\"Popin-paragraphe\">\n<div class=\"s-title8 ttu\">R\u00e9compenses<\/div>\n<p>2020 : m\u00e9daille d\u2019or au Concours G\u00e9n\u00e9ral Agricole de Paris.\u200b<br \/>\nDepuis 2019 : le whisky de la premi\u00e8re classe d\u2019Air France.<\/p>\n<\/div>\n<\/div>\n<\/div>\n<div class=\"s-title8 ttu\">\n<div class=\"col-lg-4 col-md-12\">\n<div class=\"s-title8 ttu\">\n<div class=\"col-lg-4 col-md-12\">\n<div class=\"s-title8 ttu\"><\/div>\n<div class=\"s-title8 ttu\">La consommation de boissons alcoolis\u00e9es pendant la grossesse, m\u00eame en faible quantit\u00e9, peut avoir des cons\u00e9quences graves sur la sant\u00e9 de l\u2019enfant.<\/div>\n<\/div>\n<\/div>\n<\/div>\n<\/div>\n<\/div>\n<p>L ABUS D ALCOOL EST DANGEREUX POUR LA SANTE. A CONSOMMER AVEC MODERATION.<\/p>\n<p>LA VENTE D ALCOOL EST INTERDITE AUX MINEURS.<\/p>\n<p>Les bienheureux 10 avenue de la Grande Arm\u00e9e 75017 Paris.<\/p>\n","protected":false},"featured_media":17586,"comment_status":"closed","ping_status":"closed","template":"","meta":[],"product_cat":[194,164],"product_tag":[],"jetpack_publicize_connections":[],"_links":{"self":[{"href":"https:\/\/www.andreclaude.fr\/web\/index.php\/wp-json\/wp\/v2\/product\/17585"}],"collection":[{"href":"https:\/\/www.andreclaude.fr\/web\/index.php\/wp-json\/wp\/v2\/product"}],"about":[{"href":"https:\/\/www.andreclaude.fr\/web\/index.php\/wp-json\/wp\/v2\/types\/product"}],"replies":[{"embeddable":true,"href":"https:\/\/www.andreclaude.fr\/web\/index.php\/wp-json\/wp\/v2\/comments?post=17585"}],"wp:featuredmedia":[{"embeddable":true,"href":"https:\/\/www.andreclaude.fr\/web\/index.php\/wp-json\/wp\/v2\/media\/17586"}],"wp:attachment":[{"href":"https:\/\/www.andreclaude.fr\/web\/index.php\/wp-json\/wp\/v2\/media?parent=17585"}],"wp:term":[{"taxonomy":"product_cat","embeddable":true,"href":"https:\/\/www.andreclaude.fr\/web\/index.php\/wp-json\/wp\/v2\/product_cat?post=17585"},{"taxonomy":"product_tag","embeddable":true,"href":"https:\/\/www.andreclaude.fr\/web\/index.php\/wp-json\/wp\/v2\/product_tag?post=17585"}],"curies":[{"name":"wp","href":"https:\/\/api.w.org\/{rel}","templated":true}]}}