{"id":17068,"date":"2020-12-11T09:16:46","date_gmt":"2020-12-11T08:16:46","guid":{"rendered":"http:\/\/www.andreclaude.fr\/web\/index.php\/produit\/whisky-bellevoye-coffret-decouverte-3x20cl-triple-malt-bleu-blanc-rouge\/"},"modified":"2021-03-17T17:08:17","modified_gmt":"2021-03-17T16:08:17","slug":"whisky-bellevoye-coffret-decouverte-3x20cl-triple-malt-bleu-blanc-rouge","status":"publish","type":"product","link":"https:\/\/www.andreclaude.fr\/web\/index.php\/produit\/whisky-bellevoye-coffret-decouverte-3x20cl-triple-malt-bleu-blanc-rouge\/","title":{"rendered":"whisky Bellevoye Coffret 3x20cl D\u00e9couverte Bleu, Blanc, Rouge"},"content":{"rendered":"","protected":false},"excerpt":{"rendered":"<p>Bellevoye Bleu finition grain fin.<\/p>\n<p>Bellevoye Rouge finition Grand Cru Saint-Emilion.<\/p>\n<p>Bellevoye Blanc finition Sauternes.<\/p>\n<div class=\"col-lg-4 col-md-12\">\n<div class=\"s-title8 ttu\">\n<div class=\"col-lg-4 col-md-12\">\n<div class=\"col-lg-4 col-md-12\">\n<div class=\"Popin-paragraphe\">\n<div class=\"s-title8 ttu\">\u00a0Un cadeau id\u00e9al pour l&rsquo;amateur de grands whisky qui pourra\u00a0profiter de ces formats d\u00e9gustation.<\/div>\n<div class=\"s-title8 ttu\"><\/div>\n<\/div>\n<\/div>\n<\/div>\n<\/div>\n<div class=\"s-title8 ttu\">\n<div class=\"col-lg-4 col-md-12\">\n<div class=\"s-title8 ttu\">\n<div class=\"col-lg-4 col-md-12\">\n<div class=\"s-title8 ttu\">La consommation de boissons alcoolis\u00e9es pendant la grossesse, m\u00eame en faible quantit\u00e9, peut avoir des cons\u00e9quences graves sur la sant\u00e9 de l\u2019enfant.<\/div>\n<\/div>\n<\/div>\n<\/div>\n<\/div>\n<\/div>\n<p>L ABUS D ALCOOL EST DANGEREUX POUR LA SANTE. A CONSOMMER AVEC MODERATION.<\/p>\n<p>LA VENTE D ALCOOL EST INTERDITE AUX MINEURS.<\/p>\n<p>Les bienheureux 10 avenue de la Grande Arm\u00e9e 75017 Paris.<\/p>\n","protected":false},"featured_media":17069,"comment_status":"closed","ping_status":"closed","template":"","meta":[],"product_cat":[194,197,164],"product_tag":[],"jetpack_publicize_connections":[],"_links":{"self":[{"href":"https:\/\/www.andreclaude.fr\/web\/index.php\/wp-json\/wp\/v2\/product\/17068"}],"collection":[{"href":"https:\/\/www.andreclaude.fr\/web\/index.php\/wp-json\/wp\/v2\/product"}],"about":[{"href":"https:\/\/www.andreclaude.fr\/web\/index.php\/wp-json\/wp\/v2\/types\/product"}],"replies":[{"embeddable":true,"href":"https:\/\/www.andreclaude.fr\/web\/index.php\/wp-json\/wp\/v2\/comments?post=17068"}],"wp:featuredmedia":[{"embeddable":true,"href":"https:\/\/www.andreclaude.fr\/web\/index.php\/wp-json\/wp\/v2\/media\/17069"}],"wp:attachment":[{"href":"https:\/\/www.andreclaude.fr\/web\/index.php\/wp-json\/wp\/v2\/media?parent=17068"}],"wp:term":[{"taxonomy":"product_cat","embeddable":true,"href":"https:\/\/www.andreclaude.fr\/web\/index.php\/wp-json\/wp\/v2\/product_cat?post=17068"},{"taxonomy":"product_tag","embeddable":true,"href":"https:\/\/www.andreclaude.fr\/web\/index.php\/wp-json\/wp\/v2\/product_tag?post=17068"}],"curies":[{"name":"wp","href":"https:\/\/api.w.org\/{rel}","templated":true}]}}