{"id":17066,"date":"2020-12-11T09:02:52","date_gmt":"2020-12-11T08:02:52","guid":{"rendered":"http:\/\/www.andreclaude.fr\/web\/index.php\/produit\/whisky-francais-bellevoye-triple-malt-finition-sauterne-70-cl-blanc\/"},"modified":"2020-12-11T09:49:48","modified_gmt":"2020-12-11T08:49:48","slug":"whisky-francais-bellevoye-triple-malt-finition-sauterne-70-cl-blanc","status":"publish","type":"product","link":"https:\/\/www.andreclaude.fr\/web\/index.php\/produit\/whisky-francais-bellevoye-triple-malt-finition-sauterne-70-cl-blanc\/","title":{"rendered":"Whisky Fran\u00e7ais Bellevoye Triple Malt finition sauterne 70 cl blanc"},"content":{"rendered":"","protected":false},"excerpt":{"rendered":"<p>Whisky Fran\u00e7ais Bellevoye 40\u00b0Triple Malt finition sauterne Avec \u00e9tui 70 cl<\/p>\n<div class=\"col-lg-4 col-md-12\">\n<div class=\"s-title8 ttu\">\n<div class=\"col-lg-4 col-md-12\">\n<div class=\"col-lg-4 col-md-12\">\n<p>Whisky triple malt, non\u00a0tourb\u00e9.\u200b<br \/>\nFini dans nos chais charentais en barriques de grands crus de Sauternes.<\/p>\n<\/div>\n<div class=\"col-lg-4 col-md-12\">\n<div class=\"s-title8 ttu\">\u00c9levage<\/div>\n<div class=\"s-title8 ttu\">Primaire : trois \u00e0 huit ans en barriques de ch\u00eane.<br \/>\nSecondaire : \u200bsix mois post-assemblage en barriques de grands crus de Sauternes.<\/div>\n<div class=\"Popin-paragraphe\">\n<div class=\"s-title8 ttu\">Notes de d\u00e9gustation<\/div>\n<p>Le nez r\u00e9v\u00e8le une large palette aromatique. Des notes de fruits secs se m\u00ealent aux notes d\u2019\u00e9pices (vanille, cannelle, gingembre) et de miel d\u2019acacia.\u200b<\/p>\n<p>La bouche est gourmande. Elle a la saveur d\u2019un fruit bien m\u00fbr et juteux.<\/p>\n<p>La finale s\u2019accompagne de notes d\u2019amande et de\u200b noisette.\u200b<\/p>\n<\/div>\n<div class=\"Popin-paragraphe\">\n<div class=\"s-title8 ttu\">R\u00e9compenses<\/div>\n<div class=\"s-title8 ttu\">2020 : m\u00e9daille de bronze au Concours World Whiskies Awards, \u00ab Best French Blended Malt \u00bb.\u200b<br \/>\n2019 : m\u00e9daille d\u2019or au Concours des meilleurs vins et spiritueux fran\u00e7ais aux U.S.A.<\/div>\n<div class=\"s-title8 ttu\"><\/div>\n<\/div>\n<\/div>\n<\/div>\n<\/div>\n<div class=\"s-title8 ttu\">\n<div class=\"col-lg-4 col-md-12\">\n<div class=\"s-title8 ttu\">\n<div class=\"col-lg-4 col-md-12\">\n<div class=\"s-title8 ttu\">La consommation de boissons alcoolis\u00e9es pendant la grossesse, m\u00eame en faible quantit\u00e9, peut avoir des cons\u00e9quences graves sur la sant\u00e9 de l\u2019enfant.<\/div>\n<\/div>\n<\/div>\n<\/div>\n<\/div>\n<\/div>\n<p>L ABUS D ALCOOL EST DANGEREUX POUR LA SANTE. A CONSOMMER AVEC MODERATION.<\/p>\n<p>LA VENTE D ALCOOL EST INTERDITE AUX MINEURS.<\/p>\n<p>Les bienheureux 10 avenue de la Grande Arm\u00e9e 75017 Paris.<\/p>\n","protected":false},"featured_media":17067,"comment_status":"closed","ping_status":"closed","template":"","meta":[],"product_cat":[194,164],"product_tag":[],"jetpack_publicize_connections":[],"_links":{"self":[{"href":"https:\/\/www.andreclaude.fr\/web\/index.php\/wp-json\/wp\/v2\/product\/17066"}],"collection":[{"href":"https:\/\/www.andreclaude.fr\/web\/index.php\/wp-json\/wp\/v2\/product"}],"about":[{"href":"https:\/\/www.andreclaude.fr\/web\/index.php\/wp-json\/wp\/v2\/types\/product"}],"replies":[{"embeddable":true,"href":"https:\/\/www.andreclaude.fr\/web\/index.php\/wp-json\/wp\/v2\/comments?post=17066"}],"wp:featuredmedia":[{"embeddable":true,"href":"https:\/\/www.andreclaude.fr\/web\/index.php\/wp-json\/wp\/v2\/media\/17067"}],"wp:attachment":[{"href":"https:\/\/www.andreclaude.fr\/web\/index.php\/wp-json\/wp\/v2\/media?parent=17066"}],"wp:term":[{"taxonomy":"product_cat","embeddable":true,"href":"https:\/\/www.andreclaude.fr\/web\/index.php\/wp-json\/wp\/v2\/product_cat?post=17066"},{"taxonomy":"product_tag","embeddable":true,"href":"https:\/\/www.andreclaude.fr\/web\/index.php\/wp-json\/wp\/v2\/product_tag?post=17066"}],"curies":[{"name":"wp","href":"https:\/\/api.w.org\/{rel}","templated":true}]}}