{"id":16015,"date":"2020-05-22T08:25:53","date_gmt":"2020-05-22T07:25:53","guid":{"rendered":"http:\/\/www.andreclaude.fr\/web\/index.php\/produit\/chateau-goumin-rouge-150-cl-2015\/"},"modified":"2024-12-30T09:25:37","modified_gmt":"2024-12-30T08:25:37","slug":"chateau-goumin-rouge-150-cl-2015","status":"publish","type":"product","link":"https:\/\/www.andreclaude.fr\/web\/index.php\/produit\/chateau-goumin-rouge-150-cl-2015\/","title":{"rendered":"Ch\u00e2teau Goumin le magnum 150 cl 2019"},"content":{"rendered":"","protected":false},"excerpt":{"rendered":"<h3>Apparence<\/h3>\n<p class=\" text-justify\">Brillante et \u00e9l\u00e9gante, la robe de ce vin est d\u2019un rouge profond, agr\u00e9ment\u00e9 de jolis reflets violets.<\/p>\n<h3>Nez<\/h3>\n<p class=\" text-justify\">G\u00e9n\u00e9reux, le nez pr\u00e9sente une belle structure, sur des notes grill\u00e9es, l\u00e9g\u00e8rement toast\u00e9es.<\/p>\n<h3>Bouche<\/h3>\n<p class=\" text-justify\">En bouche, c\u2019est un vin tr\u00e8s s\u00e9duisant, tout en rondeur. \u00c0 la fois tannique et fruit\u00e9 (fruits m\u00fbrs), sa structure est des plus agr\u00e9ables. Il saura parfaitement accompagner une viande rouge r\u00f4tie, une quiche aux poireaux ou bien encore g\u00e9n\u00e9reux plateau de fromages (brie, camembert\u2026)<\/p>\n<p>Remarquablement orient\u00e9 plein Sud, le vignoble de Ch\u00e2teau Goumin jouit d&rsquo;une situation privil\u00e9gi\u00e9e. La vigne install\u00e9e ici sur un terroir argilo-calcaire, donne des vins rouges, en A.O.C. Bordeaux, agr\u00e9ables , pouvant aussi bien \u00eatre consomm\u00e9s jeunes que devenir d&rsquo;excellents vins de garde.<\/p>\n<p class=\" text-justify\">Alcool 13 % Contient des sulfites.<\/p>\n<p class=\" text-justify\">La consommation de boissons alcoolis\u00e9es pendant la grossesse, m\u00eame en faible quantit\u00e9, peut avoir des cons\u00e9quences graves sur la sant\u00e9 de l\u2019enfant.<\/p>\n<p class=\" text-justify\">L ABUS D ALCOOL EST DANGEREUX POUR LA SANTE. A CONSOMMER AVEC MODERATION.<\/p>\n<p class=\" text-justify\">LA VENTE D ALCOOL EST INTERDITE AUX MINEURS.<\/p>\n<p>Vignobles ANDRE Lurton Gr\u00e9zillac France<\/p>\n<p>&nbsp;<\/p>\n","protected":false},"featured_media":11677,"comment_status":"closed","ping_status":"closed","template":"","meta":[],"product_cat":[194,157],"product_tag":[],"jetpack_publicize_connections":[],"_links":{"self":[{"href":"https:\/\/www.andreclaude.fr\/web\/index.php\/wp-json\/wp\/v2\/product\/16015"}],"collection":[{"href":"https:\/\/www.andreclaude.fr\/web\/index.php\/wp-json\/wp\/v2\/product"}],"about":[{"href":"https:\/\/www.andreclaude.fr\/web\/index.php\/wp-json\/wp\/v2\/types\/product"}],"replies":[{"embeddable":true,"href":"https:\/\/www.andreclaude.fr\/web\/index.php\/wp-json\/wp\/v2\/comments?post=16015"}],"wp:featuredmedia":[{"embeddable":true,"href":"https:\/\/www.andreclaude.fr\/web\/index.php\/wp-json\/wp\/v2\/media\/11677"}],"wp:attachment":[{"href":"https:\/\/www.andreclaude.fr\/web\/index.php\/wp-json\/wp\/v2\/media?parent=16015"}],"wp:term":[{"taxonomy":"product_cat","embeddable":true,"href":"https:\/\/www.andreclaude.fr\/web\/index.php\/wp-json\/wp\/v2\/product_cat?post=16015"},{"taxonomy":"product_tag","embeddable":true,"href":"https:\/\/www.andreclaude.fr\/web\/index.php\/wp-json\/wp\/v2\/product_tag?post=16015"}],"curies":[{"name":"wp","href":"https:\/\/api.w.org\/{rel}","templated":true}]}}