{"id":16011,"date":"2020-05-22T06:53:36","date_gmt":"2020-05-22T05:53:36","guid":{"rendered":"http:\/\/www.andreclaude.fr\/web\/index.php\/produit\/chateau-nadal-hainaut-bio-la-bouteille-75-cl-2017\/"},"modified":"2022-02-12T11:12:16","modified_gmt":"2022-02-12T10:12:16","slug":"chateau-nadal-hainaut-bio-la-bouteille-75-cl-2017","status":"publish","type":"product","link":"https:\/\/www.andreclaude.fr\/web\/index.php\/produit\/chateau-nadal-hainaut-bio-la-bouteille-75-cl-2017\/","title":{"rendered":"Ch\u00e2teau Nadal Hainaut BIO la bouteille 75 cl 2017"},"content":{"rendered":"","protected":false},"excerpt":{"rendered":"<p>Le mot du propri\u00e9taire : en 2010, nous avons converti le domaine en agriculture biologique. M\u00eame si nous travaillions depuis toujours en agriculture raisonn\u00e9e sous le label \u2018Terra Vitis\u2019, la conversion en agriculture biologique a consid\u00e9rablement fait son effet\u2026 Autant sur la biodiversit\u00e9 que sur la vigne. Nous t\u00e9moignons aujourd\u2019hui du retour d\u2019esp\u00e8ces d\u2019oiseaux et d\u2019insectes sur le domaine. Nous mettons toute notre volont\u00e9 pour travailler la terre dans le plus grand respect du Vivant.\u00a0L\u2019\u00e9quilibre commence \u00e0 se r\u00e9tablir doucement.<\/p>\n<p>Nous produisons des vins de c\u00e9pages et des AOP en blanc, rouge, ros\u00e9 ainsi que des vins doux naturels, en mettant en valeur chaque c\u00e9page et son terroir.\u00a0\u00bb<\/p>\n<p>&nbsp;<\/p>\n<p class=\" text-justify\">Alcool 14.5% Contient des sulfites.<\/p>\n<p class=\" text-justify\">La consommation de boissons alcoolis\u00e9es pendant la grossesse, m\u00eame en faible quantit\u00e9, peut avoir des cons\u00e9quences graves sur la sant\u00e9 de l\u2019enfant.<\/p>\n<p class=\" text-justify\">L ABUS D ALCOOL EST DANGEREUX POUR LA SANTE. A CONSOMMER AVEC MODERATION.<\/p>\n<p class=\" text-justify\">LA VENTE D ALCOOL EST INTERDITE AUX MINEURS.<\/p>\n<p>&nbsp;<\/p>\n","protected":false},"featured_media":16014,"comment_status":"closed","ping_status":"closed","template":"","meta":[],"product_cat":[194,162],"product_tag":[],"jetpack_publicize_connections":[],"_links":{"self":[{"href":"https:\/\/www.andreclaude.fr\/web\/index.php\/wp-json\/wp\/v2\/product\/16011"}],"collection":[{"href":"https:\/\/www.andreclaude.fr\/web\/index.php\/wp-json\/wp\/v2\/product"}],"about":[{"href":"https:\/\/www.andreclaude.fr\/web\/index.php\/wp-json\/wp\/v2\/types\/product"}],"replies":[{"embeddable":true,"href":"https:\/\/www.andreclaude.fr\/web\/index.php\/wp-json\/wp\/v2\/comments?post=16011"}],"wp:featuredmedia":[{"embeddable":true,"href":"https:\/\/www.andreclaude.fr\/web\/index.php\/wp-json\/wp\/v2\/media\/16014"}],"wp:attachment":[{"href":"https:\/\/www.andreclaude.fr\/web\/index.php\/wp-json\/wp\/v2\/media?parent=16011"}],"wp:term":[{"taxonomy":"product_cat","embeddable":true,"href":"https:\/\/www.andreclaude.fr\/web\/index.php\/wp-json\/wp\/v2\/product_cat?post=16011"},{"taxonomy":"product_tag","embeddable":true,"href":"https:\/\/www.andreclaude.fr\/web\/index.php\/wp-json\/wp\/v2\/product_tag?post=16011"}],"curies":[{"name":"wp","href":"https:\/\/api.w.org\/{rel}","templated":true}]}}