{"id":16003,"date":"2020-05-21T10:48:32","date_gmt":"2020-05-21T09:48:32","guid":{"rendered":"http:\/\/www.andreclaude.fr\/web\/index.php\/produit\/chateau-greteau-37-5-cl-2017\/"},"modified":"2024-12-30T09:08:59","modified_gmt":"2024-12-30T08:08:59","slug":"chateau-greteau-37-5-cl-2017","status":"publish","type":"product","link":"https:\/\/www.andreclaude.fr\/web\/index.php\/produit\/chateau-greteau-37-5-cl-2017\/","title":{"rendered":"Ch\u00e2teau Gr\u00e9teau  la demi bouteille 37.5 cl 2019"},"content":{"rendered":"","protected":false},"excerpt":{"rendered":"<p>La Maison Noble de Gr\u00e9teaux qui date du XVII\u00b0 si\u00e8cle \u00e9tait \u00e0 l&rsquo;origine un pavillon de chasse du Duc d&rsquo;Epernon. Elle fut longtemps propri\u00e9t\u00e9 de Marguerite de S\u00e9gonzac Montesquieu, veuve de Jacques du Noyer de S\u00e9gonzac, conseiller au Parlement de Bordeaux. Le domaine, situ\u00e9 sur la commune de Haux, comprend 9 hectares de vignes rouges et 2 hectares de vignes blanches. Le terroir est argilo-calcaire sur un sous-bassement calcaire.<\/p>\n<p>Ce vin de couleur rubis soutenue offre un nez expressif aux notes poivr\u00e9es de bourgeon de cassis. La bouche ample est bien enrob\u00e9e avec des tanins souples bien fondus.<\/p>\n<p>Remarquable sur toutes les viandes rouges et blanches grill\u00e9es ou cuisin\u00e9es. Il supporte tr\u00e8s bien les fromages de caract\u00e8re.<em><br \/>\n<\/em><\/p>\n<p class=\" text-justify\">Alcool 13 % Contient des sulfites.<\/p>\n<p class=\" text-justify\">La consommation de boissons alcoolis\u00e9es pendant la grossesse, m\u00eame en faible quantit\u00e9, peut avoir des cons\u00e9quences graves sur la sant\u00e9 de l\u2019enfant.<\/p>\n<p class=\" text-justify\">L ABUS D ALCOOL EST DANGEREUX POUR LA SANTE. A CONSOMMER AVEC MODERATION.<\/p>\n<p class=\" text-justify\">LA VENTE D ALCOOL EST INTERDITE AUX MINEURS.<\/p>\n<p>Robin &#8211; Gironde &#8211; France<\/p>\n<div id=\"jp-relatedposts\" class=\"jp-relatedposts\"><\/div>\n","protected":false},"featured_media":16004,"comment_status":"closed","ping_status":"closed","template":"","meta":[],"product_cat":[194,157],"product_tag":[],"jetpack_publicize_connections":[],"_links":{"self":[{"href":"https:\/\/www.andreclaude.fr\/web\/index.php\/wp-json\/wp\/v2\/product\/16003"}],"collection":[{"href":"https:\/\/www.andreclaude.fr\/web\/index.php\/wp-json\/wp\/v2\/product"}],"about":[{"href":"https:\/\/www.andreclaude.fr\/web\/index.php\/wp-json\/wp\/v2\/types\/product"}],"replies":[{"embeddable":true,"href":"https:\/\/www.andreclaude.fr\/web\/index.php\/wp-json\/wp\/v2\/comments?post=16003"}],"wp:featuredmedia":[{"embeddable":true,"href":"https:\/\/www.andreclaude.fr\/web\/index.php\/wp-json\/wp\/v2\/media\/16004"}],"wp:attachment":[{"href":"https:\/\/www.andreclaude.fr\/web\/index.php\/wp-json\/wp\/v2\/media?parent=16003"}],"wp:term":[{"taxonomy":"product_cat","embeddable":true,"href":"https:\/\/www.andreclaude.fr\/web\/index.php\/wp-json\/wp\/v2\/product_cat?post=16003"},{"taxonomy":"product_tag","embeddable":true,"href":"https:\/\/www.andreclaude.fr\/web\/index.php\/wp-json\/wp\/v2\/product_tag?post=16003"}],"curies":[{"name":"wp","href":"https:\/\/api.w.org\/{rel}","templated":true}]}}