{"id":15957,"date":"2020-05-08T05:24:44","date_gmt":"2020-05-08T04:24:44","guid":{"rendered":"http:\/\/www.andreclaude.fr\/web\/index.php\/produit\/domaine-pellehaut-harmonie-rose-75-cl-2019\/"},"modified":"2024-12-30T08:50:05","modified_gmt":"2024-12-30T07:50:05","slug":"domaine-pellehaut-harmonie-rose-75-cl-2019","status":"publish","type":"product","link":"https:\/\/www.andreclaude.fr\/web\/index.php\/produit\/domaine-pellehaut-harmonie-rose-75-cl-2019\/","title":{"rendered":"Domaine Pellehaut Harmonie ros\u00e9 75 cl 2023"},"content":{"rendered":"","protected":false},"excerpt":{"rendered":"<p class=\"produit\">42 \u20ac le carton de 6 bouteilles soit 7 \u20ac a bouteille<\/p>\n<h3 class=\"produit\"><\/h3>\n<p>Une jolie teinte corail. Un nez avec des notes de confiture et de jasmin. Une bouche nous rappelant le coulis de fruits rouges avec une pointe de rose forme un \u00e9quilibre parfait. Un vin id\u00e9al \u00e0 l\u2019occasion de grillades, pizza et autres soir\u00e9es entre amis.<\/p>\n<p>Un vin plaisant \u00e0 boire en toute occasion<\/p>\n<section id=\"recompenseTab\" class=\"page-product-box tab-pane fade active in\">\n<div class=\"rte\">\n<p>M\u00e9daille d&rsquo;Or au Concours G\u00e9n\u00e9ral Agricole de Paris 2020<\/p>\n<p>M\u00e9daille d&rsquo;Or au Concours des Vins du Sud Ouest 2019<\/p>\n<p>M\u00e9daille d&rsquo;Or au Concours National des Oenologues de France Vinalies 2019<\/p>\n<p>M\u00e9daille d\u2019Argent au Concours des Vins IGP 2019<\/p>\n<p>M\u00e9daille d&rsquo;Argent au Concours Mondial du Ros\u00e9 2019<\/p>\n<p>M\u00e9daille d&rsquo;Argent au Concours G\u00e9n\u00e9ral Agricole de Paris 2018<\/p>\n<p>M\u00e9daille d&rsquo;Argent au Concours Mondial du Ros\u00e9 2018<\/p>\n<p>Prix d&rsquo;Excellence aux Vinalies Nationales 2018 (concours des \u0153nologues de France)<\/p>\n<\/div>\n<\/section>\n<p>&nbsp;<\/p>\n<ul>\n<li>\n<p class=\" text-justify\">Alcool 12 % Contient des sulfites.<\/p>\n<\/li>\n<li>\n<p class=\" text-justify\">La consommation de boissons alcoolis\u00e9es pendant la grossesse, m\u00eame en faible quantit\u00e9, peut avoir des cons\u00e9quences graves sur la sant\u00e9 de l\u2019enfant.L ABUS D ALCOOL EST DANGEREUX POUR LA SANTE. A CONSOMMER AVEC MODERATION.<\/p>\n<p class=\" text-justify\">LA VENTE D ALCOOL EST INTERDITE AUX MINEURS.<\/p>\n<p>Famille B\u00e9raut 32250 Montr\u00e9al Du Gers<\/li>\n<\/ul>\n","protected":false},"featured_media":15958,"comment_status":"closed","ping_status":"closed","template":"","meta":[],"product_cat":[194,162],"product_tag":[],"jetpack_publicize_connections":[],"_links":{"self":[{"href":"https:\/\/www.andreclaude.fr\/web\/index.php\/wp-json\/wp\/v2\/product\/15957"}],"collection":[{"href":"https:\/\/www.andreclaude.fr\/web\/index.php\/wp-json\/wp\/v2\/product"}],"about":[{"href":"https:\/\/www.andreclaude.fr\/web\/index.php\/wp-json\/wp\/v2\/types\/product"}],"replies":[{"embeddable":true,"href":"https:\/\/www.andreclaude.fr\/web\/index.php\/wp-json\/wp\/v2\/comments?post=15957"}],"wp:featuredmedia":[{"embeddable":true,"href":"https:\/\/www.andreclaude.fr\/web\/index.php\/wp-json\/wp\/v2\/media\/15958"}],"wp:attachment":[{"href":"https:\/\/www.andreclaude.fr\/web\/index.php\/wp-json\/wp\/v2\/media?parent=15957"}],"wp:term":[{"taxonomy":"product_cat","embeddable":true,"href":"https:\/\/www.andreclaude.fr\/web\/index.php\/wp-json\/wp\/v2\/product_cat?post=15957"},{"taxonomy":"product_tag","embeddable":true,"href":"https:\/\/www.andreclaude.fr\/web\/index.php\/wp-json\/wp\/v2\/product_tag?post=15957"}],"curies":[{"name":"wp","href":"https:\/\/api.w.org\/{rel}","templated":true}]}}