{"id":15954,"date":"2020-05-08T05:08:41","date_gmt":"2020-05-08T04:08:41","guid":{"rendered":"http:\/\/www.andreclaude.fr\/web\/index.php\/produit\/pilaho-blanc-domaine-pellehaut-bouteille-75-cl\/"},"modified":"2025-03-14T11:22:37","modified_gmt":"2025-03-14T10:22:37","slug":"pilaho-blanc-domaine-pellehaut-bouteille-75-cl","status":"publish","type":"product","link":"https:\/\/www.andreclaude.fr\/web\/index.php\/produit\/pilaho-blanc-domaine-pellehaut-bouteille-75-cl\/","title":{"rendered":"Pilaho Blanc Domaine Pellehaut bouteille 75 cl"},"content":{"rendered":"","protected":false},"excerpt":{"rendered":"<p>53.70 \u20ac le carton de bouteilles soit 8.95 \u20ac la bouteille<\/p>\n<p>&nbsp;<\/p>\n<p>Une \u00e9l\u00e9gante robe blonde aux reflets verts habille un nez fin de parfums floraux. Un sillage ent\u00eatant de tilleul, d\u2019aub\u00e9pine et d\u2019abricot nous entra\u00eene \u00e0 la poursuite des fines bulles de ce p\u00e9tillant qui nous enchantent en bouche \u00e0 travers un ballet d\u2019agrume et de mangue\u2026 A d\u00e9guster frais en ap\u00e9ritif ou en dessert.<\/p>\n<p>Degr\u00e9 : 9%<\/p>\n<section id=\"recompenseTab\" class=\"page-product-box tab-pane fade active in\">\n<div class=\"rte\">\n<p>R\u00e9compenses :<\/p>\n<section id=\"recompenseTab\" class=\"page-product-box tab-pane fade active in\">\n<div class=\"rte\">\n<p>M\u00e9daille d&rsquo;Argent au Concours Elle \u00e0 Table 2016<\/p>\n<p>M\u00e9daille d&rsquo;Or au Concours Prix Plaisir Bettane &amp; Desseauve 2015<\/p>\n<\/div>\n<\/section>\n<\/div>\n<\/section>\n<p class=\" text-justify\">La consommation de boissons alcoolis\u00e9es pendant la grossesse, m\u00eame en faible quantit\u00e9, peut avoir des cons\u00e9quences graves sur la sant\u00e9 de l\u2019enfant.<\/p>\n<p class=\" text-justify\">L ABUS D ALCOOL EST DANGEREUX POUR LA SANTE. A CONSOMMER AVEC MODERATION.<\/p>\n<p>LA VENTE D ALCOOL EST INTERDITE AUX MINEURS.<\/p>\n<p>Famille B\u00e9raut 32250 Montr\u00e9al Du Gers<\/p>\n","protected":false},"featured_media":15956,"comment_status":"closed","ping_status":"closed","template":"","meta":[],"product_cat":[194,161],"product_tag":[],"jetpack_publicize_connections":[],"_links":{"self":[{"href":"https:\/\/www.andreclaude.fr\/web\/index.php\/wp-json\/wp\/v2\/product\/15954"}],"collection":[{"href":"https:\/\/www.andreclaude.fr\/web\/index.php\/wp-json\/wp\/v2\/product"}],"about":[{"href":"https:\/\/www.andreclaude.fr\/web\/index.php\/wp-json\/wp\/v2\/types\/product"}],"replies":[{"embeddable":true,"href":"https:\/\/www.andreclaude.fr\/web\/index.php\/wp-json\/wp\/v2\/comments?post=15954"}],"wp:featuredmedia":[{"embeddable":true,"href":"https:\/\/www.andreclaude.fr\/web\/index.php\/wp-json\/wp\/v2\/media\/15956"}],"wp:attachment":[{"href":"https:\/\/www.andreclaude.fr\/web\/index.php\/wp-json\/wp\/v2\/media?parent=15954"}],"wp:term":[{"taxonomy":"product_cat","embeddable":true,"href":"https:\/\/www.andreclaude.fr\/web\/index.php\/wp-json\/wp\/v2\/product_cat?post=15954"},{"taxonomy":"product_tag","embeddable":true,"href":"https:\/\/www.andreclaude.fr\/web\/index.php\/wp-json\/wp\/v2\/product_tag?post=15954"}],"curies":[{"name":"wp","href":"https:\/\/api.w.org\/{rel}","templated":true}]}}