{"id":15895,"date":"2020-04-24T04:15:51","date_gmt":"2020-04-24T03:15:51","guid":{"rendered":"http:\/\/www.andreclaude.fr\/web\/?post_type=product&#038;p=15895"},"modified":"2022-02-12T11:16:11","modified_gmt":"2022-02-12T10:16:11","slug":"chardonnay-blanc-bio-la-bouteille-75-cl-2018","status":"publish","type":"product","link":"https:\/\/www.andreclaude.fr\/web\/index.php\/produit\/chardonnay-blanc-bio-la-bouteille-75-cl-2018\/","title":{"rendered":"Chardonnay Blanc BIO la bouteille 75 cl 2018"},"content":{"rendered":"","protected":false},"excerpt":{"rendered":"<p>Domaine Nadal Hainaut Les vins blancs du Roussillon m\u00e9ritent vrai\u00adment une attention particuli\u00e8re. Le soleil de la r\u00e9gion donne vie \u00e0 des vins m\u00fbrs et puis\u00adsants, \u00e9quilibr\u00e9s par la fra\u00eecheur marine des embruns de la m\u00e9diterran\u00e9e.<\/p>\n<p>Le Domaine Nadal Hainaut est situ\u00e9 sur un terroir argilo-caillouteux class\u00e9 des \u00ab Aspres \u00bb, entre le Mont Canigou et la mer M\u00e9diterran\u00e9e. Le vignoble est conduit en agriculture biologique.<\/p>\n<p class=\" text-justify\">Alcool 13% Contient des sulfites.<\/p>\n<p class=\" text-justify\">La consommation de boissons alcoolis\u00e9es pendant la grossesse, m\u00eame en faible quantit\u00e9, peut avoir des cons\u00e9quences graves sur la sant\u00e9 de l\u2019enfant.<\/p>\n<p class=\" text-justify\">L ABUS D ALCOOL EST DANGEREUX POUR LA SANTE. A CONSOMMER AVEC MODERATION.<\/p>\n<p class=\" text-justify\">LA VENTE D ALCOOL EST INTERDITE AUX MINEURS.<\/p>\n<p>&nbsp;<\/p>\n","protected":false},"featured_media":15897,"comment_status":"closed","ping_status":"closed","template":"","meta":[],"product_cat":[194,162],"product_tag":[],"jetpack_publicize_connections":[],"_links":{"self":[{"href":"https:\/\/www.andreclaude.fr\/web\/index.php\/wp-json\/wp\/v2\/product\/15895"}],"collection":[{"href":"https:\/\/www.andreclaude.fr\/web\/index.php\/wp-json\/wp\/v2\/product"}],"about":[{"href":"https:\/\/www.andreclaude.fr\/web\/index.php\/wp-json\/wp\/v2\/types\/product"}],"replies":[{"embeddable":true,"href":"https:\/\/www.andreclaude.fr\/web\/index.php\/wp-json\/wp\/v2\/comments?post=15895"}],"wp:featuredmedia":[{"embeddable":true,"href":"https:\/\/www.andreclaude.fr\/web\/index.php\/wp-json\/wp\/v2\/media\/15897"}],"wp:attachment":[{"href":"https:\/\/www.andreclaude.fr\/web\/index.php\/wp-json\/wp\/v2\/media?parent=15895"}],"wp:term":[{"taxonomy":"product_cat","embeddable":true,"href":"https:\/\/www.andreclaude.fr\/web\/index.php\/wp-json\/wp\/v2\/product_cat?post=15895"},{"taxonomy":"product_tag","embeddable":true,"href":"https:\/\/www.andreclaude.fr\/web\/index.php\/wp-json\/wp\/v2\/product_tag?post=15895"}],"curies":[{"name":"wp","href":"https:\/\/api.w.org\/{rel}","templated":true}]}}