{"id":15766,"date":"2020-04-02T17:32:50","date_gmt":"2020-04-02T16:32:50","guid":{"rendered":"http:\/\/www.andreclaude.fr\/web\/index.php\/produit\/chateau-de-targe-2016-75-cl\/"},"modified":"2024-12-30T08:44:04","modified_gmt":"2024-12-30T07:44:04","slug":"chateau-de-targe-2016-75-cl","status":"publish","type":"product","link":"https:\/\/www.andreclaude.fr\/web\/index.php\/produit\/chateau-de-targe-2016-75-cl\/","title":{"rendered":"Ch\u00e2teau de Targ\u00e9 2019 75 cl"},"content":{"rendered":"","protected":false},"excerpt":{"rendered":"<p class=\"product_title entry-title\">Saumur Champigny Ch\u00e2teau de Targ\u00e9 traditionnel<\/p>\n<p>Un magnifique Saumur Champigny.<\/p>\n<p>En Bouteilles ou Magnums.<\/p>\n<p>Cabernet Franc de belle robe rubis, au nez riche et plaisant sur le fruit, avec une<\/p>\n<p><span class=\"hiddenText_0\">attaque franche et soutenue par des tanins soyeux. Tre\u0300s appre\u0301cie\u0301 en restauration, car il peut e\u0302tre servi aussi bien sur du poisson le\u0301ge\u0300rement e\u0301pice\u0301 que de la viande ou des plats le\u0301gers. <\/span><\/p>\n<ul>\n<li><strong>\u00c0 l&rsquo;oeil<\/strong> : Belle robe rubis.<\/li>\n<li><strong>Au nez<\/strong> : Nez riche et plaisant sur le fruit.<\/li>\n<li><strong>En bouche<\/strong> : Attaque franche et soutenue par des tanins soyeux.<\/li>\n<\/ul>\n<p>12,5 \u00e0 13,5% en fonction des mill\u00e9simes. Contient des sulfites.<\/p>\n<p>Ch\u00e2teau de Targ\u00e9 49730 Parnay<\/p>\n<p>La consommation de boissons alcoolis\u00e9es pendant la grossesse, m\u00eame en faible quantit\u00e9, peut avoir des cons\u00e9quences graves sur la sant\u00e9 de l\u2019enfant.<\/p>\n<p>LA VENTE D ALCOOL EST INTERDITE AUX MINEURS.<\/p>\n<p>L ABUS D ALCOOL EST DANGEREUX POUR LA SANTE. A CONSOMMER AVEC MODERATION<\/p>\n","protected":false},"featured_media":15767,"comment_status":"closed","ping_status":"closed","template":"","meta":[],"product_cat":[194,163],"product_tag":[],"jetpack_publicize_connections":[],"_links":{"self":[{"href":"https:\/\/www.andreclaude.fr\/web\/index.php\/wp-json\/wp\/v2\/product\/15766"}],"collection":[{"href":"https:\/\/www.andreclaude.fr\/web\/index.php\/wp-json\/wp\/v2\/product"}],"about":[{"href":"https:\/\/www.andreclaude.fr\/web\/index.php\/wp-json\/wp\/v2\/types\/product"}],"replies":[{"embeddable":true,"href":"https:\/\/www.andreclaude.fr\/web\/index.php\/wp-json\/wp\/v2\/comments?post=15766"}],"wp:featuredmedia":[{"embeddable":true,"href":"https:\/\/www.andreclaude.fr\/web\/index.php\/wp-json\/wp\/v2\/media\/15767"}],"wp:attachment":[{"href":"https:\/\/www.andreclaude.fr\/web\/index.php\/wp-json\/wp\/v2\/media?parent=15766"}],"wp:term":[{"taxonomy":"product_cat","embeddable":true,"href":"https:\/\/www.andreclaude.fr\/web\/index.php\/wp-json\/wp\/v2\/product_cat?post=15766"},{"taxonomy":"product_tag","embeddable":true,"href":"https:\/\/www.andreclaude.fr\/web\/index.php\/wp-json\/wp\/v2\/product_tag?post=15766"}],"curies":[{"name":"wp","href":"https:\/\/api.w.org\/{rel}","templated":true}]}}