{"id":15010,"date":"2020-03-07T11:24:13","date_gmt":"2020-03-07T10:24:13","guid":{"rendered":"http:\/\/www.andreclaude.fr\/web\/index.php\/produit\/buzet-rouge-sans-sulfites-75-cl-2018\/"},"modified":"2021-03-15T09:22:00","modified_gmt":"2021-03-15T08:22:00","slug":"buzet-rouge-sans-sulfites-75-cl-2018","status":"publish","type":"product","link":"https:\/\/www.andreclaude.fr\/web\/index.php\/produit\/buzet-rouge-sans-sulfites-75-cl-2018\/","title":{"rendered":"Buzet rouge sans sulfites 75 cl 2019"},"content":{"rendered":"<p>&nbsp;<\/p>\n<p>&nbsp;<\/p>\n","protected":false},"excerpt":{"rendered":"<p>\u00ab Sans \u00bb est un vin rouge sans sulfites ajout\u00e9s. Ce vin rouge atypique est n\u00e9 d\u2019une volont\u00e9 : celle de vous proposer un vin sans allerg\u00e8nes. Elabor\u00e9 un vin sans ajouter de \u00ab soufre \u00bb c\u2019est faire un vin autrement.<br \/>\nLa vendange dont est issu ce vin rouge \u00ab Sans \u00bb est d\u2019une qualit\u00e9 particuli\u00e8re. Seuls les raisins \u00e0 maturit\u00e9 parfaite et intacts sont s\u00e9lectionn\u00e9s pour ce vin rouge sans sulfites ajout\u00e9s.<br \/>\n\u00ab Sans \u00bb est ensuite \u00e9lev\u00e9 \u00e0 l\u2019abri complet de l\u2019air puis mis en bouteille avec pr\u00e9caution, afin d\u2019en pr\u00e9server tous les ar\u00f4mes, compte tenu du fait que nous n\u2019ajoutons aucun sulfites \u00e0 ce vin. Ce mill\u00e9sime 2018 est fruit\u00e9 et l\u00e9ger. Ce vin est sans sulfites ajout\u00e9s, mais avec des ar\u00f4mes et saveurs bien pr\u00e9sents !<\/p>\n<p class=\" text-justify\">Alcool 13.5 %<\/p>\n<p class=\" text-justify\">La consommation de boissons alcoolis\u00e9es pendant la grossesse, m\u00eame en faible quantit\u00e9, peut avoir des cons\u00e9quences graves sur la sant\u00e9 de l\u2019enfant.<\/p>\n<p class=\" text-justify\">L ABUS D ALCOOL EST DANGEREUX POUR LA SANTE. A CONSOMMER AVEC MODERATION.<\/p>\n<p class=\" text-justify\">LA VENTE D ALCOOL EST INTERDITE AUX MINEURS.<\/p>\n<p>Les vignerons de Buzet 47160 Buzet sur Ba\u00efse<\/p>\n","protected":false},"featured_media":15011,"comment_status":"closed","ping_status":"closed","template":"","meta":[],"product_cat":[194,162],"product_tag":[],"jetpack_publicize_connections":[],"_links":{"self":[{"href":"https:\/\/www.andreclaude.fr\/web\/index.php\/wp-json\/wp\/v2\/product\/15010"}],"collection":[{"href":"https:\/\/www.andreclaude.fr\/web\/index.php\/wp-json\/wp\/v2\/product"}],"about":[{"href":"https:\/\/www.andreclaude.fr\/web\/index.php\/wp-json\/wp\/v2\/types\/product"}],"replies":[{"embeddable":true,"href":"https:\/\/www.andreclaude.fr\/web\/index.php\/wp-json\/wp\/v2\/comments?post=15010"}],"wp:featuredmedia":[{"embeddable":true,"href":"https:\/\/www.andreclaude.fr\/web\/index.php\/wp-json\/wp\/v2\/media\/15011"}],"wp:attachment":[{"href":"https:\/\/www.andreclaude.fr\/web\/index.php\/wp-json\/wp\/v2\/media?parent=15010"}],"wp:term":[{"taxonomy":"product_cat","embeddable":true,"href":"https:\/\/www.andreclaude.fr\/web\/index.php\/wp-json\/wp\/v2\/product_cat?post=15010"},{"taxonomy":"product_tag","embeddable":true,"href":"https:\/\/www.andreclaude.fr\/web\/index.php\/wp-json\/wp\/v2\/product_tag?post=15010"}],"curies":[{"name":"wp","href":"https:\/\/api.w.org\/{rel}","templated":true}]}}