{"id":14544,"date":"2019-10-22T09:58:54","date_gmt":"2019-10-22T08:58:54","guid":{"rendered":"http:\/\/www.andreclaude.fr\/web\/?post_type=product&#038;p=14544"},"modified":"2023-05-23T08:54:59","modified_gmt":"2023-05-23T07:54:59","slug":"pilaho-rose-domaine-pellehaut-bouteille-75-cl","status":"publish","type":"product","link":"https:\/\/www.andreclaude.fr\/web\/index.php\/produit\/pilaho-rose-domaine-pellehaut-bouteille-75-cl\/","title":{"rendered":"Pilaho Ros\u00e9 Domaine Pellehaut bouteille 75 cl"},"content":{"rendered":"","protected":false},"excerpt":{"rendered":"<p>53.70 \u20ac le carton de bouteilles soit 8.95 \u20ac la bouteille<\/p>\n<p>&nbsp;<\/p>\n<p>Une mousse fine et abondante qui s&rsquo;\u00e9vapore en laissant un parfum sucr\u00e9 de fraise et de cerise. Une couleur rouge, ros\u00e9 qui rappelle le sirop de grenadine, \u00e0 boire frais l&rsquo;\u00e9t\u00e9. En bouche, la comparaison avec un coulis de fruits rouge est tentante, le p\u00e9tillant en plus. A d\u00e9guster frais \u00e0 l&rsquo;ap\u00e9ritif ou au dessert.<\/p>\n<p>Degr\u00e9 : 9%<\/p>\n<section id=\"recompenseTab\" class=\"page-product-box tab-pane fade active in\">\n<div class=\"rte\">\n<p>R\u00e9compenses :<\/p>\n<p>M\u00e9daille d&rsquo;Argent au Concours Elle \u00e0 Table 2016<\/p>\n<p>M\u00e9daille d&rsquo;Or au Concours Prix Plaisir Bettane &amp; Desseauve 2015<\/p>\n<p>M\u00e9daille d&rsquo;Or au Concours International de Lyon 2015<\/p>\n<\/div>\n<\/section>\n<p class=\" text-justify\">La consommation de boissons alcoolis\u00e9es pendant la grossesse, m\u00eame en faible quantit\u00e9, peut avoir des cons\u00e9quences graves sur la sant\u00e9 de l\u2019enfant.<\/p>\n<p class=\" text-justify\">L ABUS D ALCOOL EST DANGEREUX POUR LA SANTE. A CONSOMMER AVEC MODERATION.<\/p>\n<p class=\" text-justify\">LA VENTE D ALCOOL EST INTERDITE AUX MINEURS.<\/p>\n<ul>\n<li>Famille B\u00e9raut 32250 Montr\u00e9al Du Gers<\/li>\n<\/ul>\n","protected":false},"featured_media":14545,"comment_status":"closed","ping_status":"closed","template":"","meta":[],"product_cat":[194,161],"product_tag":[],"jetpack_publicize_connections":[],"_links":{"self":[{"href":"https:\/\/www.andreclaude.fr\/web\/index.php\/wp-json\/wp\/v2\/product\/14544"}],"collection":[{"href":"https:\/\/www.andreclaude.fr\/web\/index.php\/wp-json\/wp\/v2\/product"}],"about":[{"href":"https:\/\/www.andreclaude.fr\/web\/index.php\/wp-json\/wp\/v2\/types\/product"}],"replies":[{"embeddable":true,"href":"https:\/\/www.andreclaude.fr\/web\/index.php\/wp-json\/wp\/v2\/comments?post=14544"}],"wp:featuredmedia":[{"embeddable":true,"href":"https:\/\/www.andreclaude.fr\/web\/index.php\/wp-json\/wp\/v2\/media\/14545"}],"wp:attachment":[{"href":"https:\/\/www.andreclaude.fr\/web\/index.php\/wp-json\/wp\/v2\/media?parent=14544"}],"wp:term":[{"taxonomy":"product_cat","embeddable":true,"href":"https:\/\/www.andreclaude.fr\/web\/index.php\/wp-json\/wp\/v2\/product_cat?post=14544"},{"taxonomy":"product_tag","embeddable":true,"href":"https:\/\/www.andreclaude.fr\/web\/index.php\/wp-json\/wp\/v2\/product_tag?post=14544"}],"curies":[{"name":"wp","href":"https:\/\/api.w.org\/{rel}","templated":true}]}}