{"id":13834,"date":"2019-04-24T15:45:12","date_gmt":"2019-04-24T14:45:12","guid":{"rendered":"http:\/\/www.andreclaude.fr\/web\/index.php\/produit\/domaine-deriane-les-bermudes-rose-2018-vin-bio-la-bouteille-75-cl\/"},"modified":"2022-02-12T11:12:52","modified_gmt":"2022-02-12T10:12:52","slug":"domaine-deriane-les-bermudes-rose-2018-vin-bio-la-bouteille-75-cl","status":"publish","type":"product","link":"https:\/\/www.andreclaude.fr\/web\/index.php\/produit\/domaine-deriane-les-bermudes-rose-2018-vin-bio-la-bouteille-75-cl\/","title":{"rendered":"Les Bermudes ros\u00e9 BIO Domaine D&rsquo;Eriane 2018 bouteille 75 cl"},"content":{"rendered":"","protected":false},"excerpt":{"rendered":"<p>Le domaine est en agriculture biologique depuis 2013.La taille manuelle, l\u2019\u00e9bourgeonnage, les suppressions des entre-c\u0153urs si n\u00e9cessaire. Les vendanges sont manuelles, avec tris s\u00e9v\u00e8res \u00e0 la vigne. Les raisins sont bichonn\u00e9s tout au long de l\u2019ann\u00e9e. La vinification, en cuve b\u00e9ton de 50 hl, est traditionnelle et peu interventionniste. Les parcelles sont vinifi\u00e9es et \u00e9lev\u00e9es en cuve s\u00e9par\u00e9ment. Les assemblages se font au printemps.<\/p>\n<p class=\" text-justify\">Assemblage de grenache et de cinsault, \u00e0 majorit\u00e9 de grenache. Les proportions peuvent varier selon les cuv\u00e9es.<\/p>\n<p class=\" text-justify\">Alcool 12 % Contient des sulfites.<\/p>\n<p class=\" text-justify\">La consommation de boissons alcoolis\u00e9es pendant la grossesse, m\u00eame en faible quantit\u00e9, peut avoir des cons\u00e9quences graves sur la sant\u00e9 de l\u2019enfant.<\/p>\n<p class=\" text-justify\">L ABUS D ALCOOL EST DANGEREUX POUR LA SANTE. A CONSOMMER AVEC MODERATION.<\/p>\n<p class=\" text-justify\">LA VENTE D ALCOOL EST INTERDITE AUX MINEURS.<\/p>\n<p class=\" text-justify\">Prade 30730 St Mamert du Gard<\/p>\n","protected":false},"featured_media":13835,"comment_status":"closed","ping_status":"closed","template":"","meta":[],"product_cat":[194,162],"product_tag":[],"jetpack_publicize_connections":[],"_links":{"self":[{"href":"https:\/\/www.andreclaude.fr\/web\/index.php\/wp-json\/wp\/v2\/product\/13834"}],"collection":[{"href":"https:\/\/www.andreclaude.fr\/web\/index.php\/wp-json\/wp\/v2\/product"}],"about":[{"href":"https:\/\/www.andreclaude.fr\/web\/index.php\/wp-json\/wp\/v2\/types\/product"}],"replies":[{"embeddable":true,"href":"https:\/\/www.andreclaude.fr\/web\/index.php\/wp-json\/wp\/v2\/comments?post=13834"}],"wp:featuredmedia":[{"embeddable":true,"href":"https:\/\/www.andreclaude.fr\/web\/index.php\/wp-json\/wp\/v2\/media\/13835"}],"wp:attachment":[{"href":"https:\/\/www.andreclaude.fr\/web\/index.php\/wp-json\/wp\/v2\/media?parent=13834"}],"wp:term":[{"taxonomy":"product_cat","embeddable":true,"href":"https:\/\/www.andreclaude.fr\/web\/index.php\/wp-json\/wp\/v2\/product_cat?post=13834"},{"taxonomy":"product_tag","embeddable":true,"href":"https:\/\/www.andreclaude.fr\/web\/index.php\/wp-json\/wp\/v2\/product_tag?post=13834"}],"curies":[{"name":"wp","href":"https:\/\/api.w.org\/{rel}","templated":true}]}}