{"id":13793,"date":"2019-04-16T10:25:19","date_gmt":"2019-04-16T09:25:19","guid":{"rendered":"http:\/\/www.andreclaude.fr\/web\/index.php\/produit\/pouilly-fume-eric-louis-75-cl-2018\/"},"modified":"2024-12-30T08:33:03","modified_gmt":"2024-12-30T07:33:03","slug":"pouilly-fume-eric-louis-75-cl-2018","status":"publish","type":"product","link":"https:\/\/www.andreclaude.fr\/web\/index.php\/produit\/pouilly-fume-eric-louis-75-cl-2018\/","title":{"rendered":"Pouilly-Fum\u00e9 Eric Louis bouteille 75 cl 2021"},"content":{"rendered":"","protected":false},"excerpt":{"rendered":"<p class=\"ck_normal\"><strong><span class=\"ck_vert\">C\u00e9page :<\/span><\/strong><\/p>\n<p class=\"ck_normal\">100% Sauvignon Blanc<\/p>\n<p class=\"ck_normal\"><strong><span class=\"ck_vert\">Terroir :<\/span><\/strong><\/p>\n<p class=\"ck_normal\">Les vignes de notre Pouilly-Fum\u00e9 s&rsquo;\u00e9panouissent sur des terres compos\u00e9es majoritairement de silex et de marnes kimm\u00e9ridgiennes (coquillages fossilis\u00e9s).<\/p>\n<p class=\"ck_normal\"><strong><span class=\"ck_vert\">Travail de la vigne :\u00a0<\/span><\/strong><\/p>\n<p class=\"ck_normal\">La vigne fait l\u2019objet d\u2019observations constantes : nous limitons nos rendements, d\u00e9butons les vendanges suivant la maturit\u00e9 de chaque parcelle, proc\u00e9dons au tri de la r\u00e9colte\u2026<\/p>\n<p class=\"ck_normal\"><strong><span class=\"ck_vert\">Vinification :\u00a0<\/span><\/strong><\/p>\n<p class=\"ck_normal\">Les vendanges d\u00e9marrent d\u00e8s que les raisins ont atteint le niveau optimal de maturit\u00e9. Sit\u00f4t vendang\u00e9, le raisin est achemin\u00e9 au pressoir afin d\u2019en pr\u00e9server le potentiel aromatique.<\/p>\n<p class=\"ck_normal\"><strong><span class=\"ck_vert\">D\u00e9gustation :\u00a0<\/span><\/strong><\/p>\n<p class=\"ck_normal\">Ce vin pr\u00e9sente une robe or p\u00e2le\u00a0d\u2019une belle brillance ainsi qu\u2019un joli nez frais, fruit\u00e9 et subtil. On remarque \u00e0 la fois des notes de min\u00e9ralit\u00e9 et de rondeur li\u00e9es \u00e0 la nature du sol (silex &amp; coquillages fossilis\u00e9s).<\/p>\n<p class=\"ck_normal\">\n<p class=\"ck_normal\"><strong><span class=\"ck_vert\">Accords Mets &amp; Vins :<\/span><\/strong><\/p>\n<p class=\"ck_normal\">Sa vocation est de s&rsquo;associer avec des plats de poissons et les crustac\u00e9s. Il accompagne merveilleusement les fromages de ch\u00e8vre, comme le fameux crottin de Chavignol, autre sp\u00e9cialit\u00e9 de la r\u00e9gion.<\/p>\n<p>&nbsp;<\/p>\n<div class=\"page\" data-loaded=\"true\" data-page-number=\"2\">\n<p class=\" text-justify\">Alcool 12.5 % Contient des sulfites.<\/p>\n<p class=\" text-justify\">La consommation de boissons alcoolis\u00e9es pendant la grossesse, m\u00eame en faible quantit\u00e9, peut avoir des cons\u00e9quences graves sur la sant\u00e9 de l\u2019enfant.<\/p>\n<p class=\" text-justify\">L ABUS D ALCOOL EST DANGEREUX POUR LA SANTE. A CONSOMMER AVEC MODERATION.<\/p>\n<p class=\" text-justify\">LA VENTE D ALCOOL EST INTERDITE AUX MINEURS.<\/p>\n<p class=\" text-justify\">Eric Louis 18300 Thauvenay<\/p>\n<p class=\" text-justify\">\n<\/div>\n","protected":false},"featured_media":13794,"comment_status":"closed","ping_status":"closed","template":"","meta":[],"product_cat":[194,162],"product_tag":[],"jetpack_publicize_connections":[],"_links":{"self":[{"href":"https:\/\/www.andreclaude.fr\/web\/index.php\/wp-json\/wp\/v2\/product\/13793"}],"collection":[{"href":"https:\/\/www.andreclaude.fr\/web\/index.php\/wp-json\/wp\/v2\/product"}],"about":[{"href":"https:\/\/www.andreclaude.fr\/web\/index.php\/wp-json\/wp\/v2\/types\/product"}],"replies":[{"embeddable":true,"href":"https:\/\/www.andreclaude.fr\/web\/index.php\/wp-json\/wp\/v2\/comments?post=13793"}],"wp:featuredmedia":[{"embeddable":true,"href":"https:\/\/www.andreclaude.fr\/web\/index.php\/wp-json\/wp\/v2\/media\/13794"}],"wp:attachment":[{"href":"https:\/\/www.andreclaude.fr\/web\/index.php\/wp-json\/wp\/v2\/media?parent=13793"}],"wp:term":[{"taxonomy":"product_cat","embeddable":true,"href":"https:\/\/www.andreclaude.fr\/web\/index.php\/wp-json\/wp\/v2\/product_cat?post=13793"},{"taxonomy":"product_tag","embeddable":true,"href":"https:\/\/www.andreclaude.fr\/web\/index.php\/wp-json\/wp\/v2\/product_tag?post=13793"}],"curies":[{"name":"wp","href":"https:\/\/api.w.org\/{rel}","templated":true}]}}