{"id":13527,"date":"2019-02-07T08:46:12","date_gmt":"2019-02-07T07:46:12","guid":{"rendered":"http:\/\/www.andreclaude.fr\/web\/index.php\/produit\/saint-nectaire-fermier-part-env-190g\/"},"modified":"2025-11-14T04:22:40","modified_gmt":"2025-11-14T03:22:40","slug":"saint-nectaire-fermier-part-env-190g","status":"publish","type":"product","link":"https:\/\/www.andreclaude.fr\/web\/index.php\/produit\/saint-nectaire-fermier-part-env-190g\/","title":{"rendered":"Saint Nectaire Fermier part env. 200g"},"content":{"rendered":"<p>Service Consommateurs<\/p>\n<p>LFO SAS<\/p>\n<p>31290 Villefranche de Lauragais<\/p>\n","protected":false},"excerpt":{"rendered":"<p>le Saint-Nectaire, qu\u2019il soit laitier ou fermier, offre une multiplicit\u00e9 de saveurs pour plaire au plus grand nombre. Pour ces deux productions, les soins apport\u00e9s \u00e0 la r\u00e9alisation de ce fromage restent inchang\u00e9s.<\/p>\n<p>Ingr\u00e9dients : <strong>Lait<\/strong> Cru de vache (origine France), sel, <strong>ferments lactiques<\/strong>,\u00a0 pr\u00e9sure.<\/p>\n<p>Valeurs nutritionnelles moyennes pour 100g<\/p>\n<p>Energie : 1427kj\/344kcal<\/p>\n<p>Mati\u00e8res grasses : 28g dont 20g d&rsquo;acides gras satur\u00e9s<\/p>\n<p>Glucides : 1g dont sucres 0.5g<\/p>\n<p>Prot\u00e9ines 22 g<\/p>\n<p>sel : 1.1g<\/p>\n<p>&nbsp;<\/p>\n","protected":false},"featured_media":5771,"comment_status":"closed","ping_status":"closed","template":"","meta":[],"product_cat":[194,165],"product_tag":[],"jetpack_publicize_connections":[],"_links":{"self":[{"href":"https:\/\/www.andreclaude.fr\/web\/index.php\/wp-json\/wp\/v2\/product\/13527"}],"collection":[{"href":"https:\/\/www.andreclaude.fr\/web\/index.php\/wp-json\/wp\/v2\/product"}],"about":[{"href":"https:\/\/www.andreclaude.fr\/web\/index.php\/wp-json\/wp\/v2\/types\/product"}],"replies":[{"embeddable":true,"href":"https:\/\/www.andreclaude.fr\/web\/index.php\/wp-json\/wp\/v2\/comments?post=13527"}],"wp:featuredmedia":[{"embeddable":true,"href":"https:\/\/www.andreclaude.fr\/web\/index.php\/wp-json\/wp\/v2\/media\/5771"}],"wp:attachment":[{"href":"https:\/\/www.andreclaude.fr\/web\/index.php\/wp-json\/wp\/v2\/media?parent=13527"}],"wp:term":[{"taxonomy":"product_cat","embeddable":true,"href":"https:\/\/www.andreclaude.fr\/web\/index.php\/wp-json\/wp\/v2\/product_cat?post=13527"},{"taxonomy":"product_tag","embeddable":true,"href":"https:\/\/www.andreclaude.fr\/web\/index.php\/wp-json\/wp\/v2\/product_tag?post=13527"}],"curies":[{"name":"wp","href":"https:\/\/api.w.org\/{rel}","templated":true}]}}