{"id":13454,"date":"2019-01-19T10:03:04","date_gmt":"2019-01-19T09:03:04","guid":{"rendered":"http:\/\/www.andreclaude.fr\/web\/index.php\/produit\/champagne-coffret-amour-de-deutz-rose-2009-375-cl\/"},"modified":"2019-01-19T10:24:02","modified_gmt":"2019-01-19T09:24:02","slug":"champagne-coffret-amour-de-deutz-rose-2009-375-cl","status":"publish","type":"product","link":"https:\/\/www.andreclaude.fr\/web\/index.php\/produit\/champagne-coffret-amour-de-deutz-rose-2009-375-cl\/","title":{"rendered":"Champagne Coffret Amour de Deutz Ros\u00e9 2009 &#8211; 37,5 cl"},"content":{"rendered":"","protected":false},"excerpt":{"rendered":"<p><span class=\"product-aside--listValue\">L\u2019histoire du Champagne Deutz commence en 1838 \u00e0 A\u00ff en plein coeur de la Champagne. Fond\u00e9e par deux n\u00e9gociants dont le c\u00e9l\u00e8bre William Deutz, la maison Deutz acquiert tr\u00e8s vite une belle renomm\u00e9e internationale. Aujourd\u2019hui les champagnes Deutz sont \u00e0 la t\u00eate de l\u2019un des plus beaux patrimoines viticoles de la Champagne. La maison poss\u00e8de quelques-unes des plus belles parcelles dont plusieurs au sein de la prestigieuse C\u00f4te des Blancs. Amour de Deutz, Deutz Brut Classic ou Deutz Brut Classic forment l\u2019une des gammes les plus qualitatives de Champagne.\u00a0 Un grand nom incontournable pour les amateurs de champagne.\u00a0<\/span><\/p>\n<p><span style=\"font-size: medium;\">Robe : cristalline et limpide aux reflets \u00ab\u00a0or-blanc\u00a0\u00bb.<br \/>\nNez : subtil, \u00e9l\u00e9gant, sur des notes de fleurs blanches <\/span><\/p>\n<p><span style=\"font-size: medium;\">Bouche : franche, souple et ample. Finale d&rsquo;une remarquable persistance.<\/span><\/p>\n<p>Alcool : 12 % contient des sulfites<\/p>\n<p>Champagne Deutz 16 rue Jeanson \u2013 BP 9 \u2013 51160 AY<\/p>\n<p>La consommation de boissons alcoolis\u00e9es pendant la grossesse, m\u00eame en faible quantit\u00e9, peut avoir des cons\u00e9quences graves sur la sant\u00e9 de l\u2019enfant.<br \/>\nLA VENTE D ALCOOL EST INTERDITE AUX MINEURS.<br \/>\nL ABUS D ALCOOL EST DANGEREUX POUR LA SANTE. A CONSOMMER AVEC MODERATION.<\/p>\n<p>&nbsp;<\/p>\n<p>&nbsp;<\/p>\n","protected":false},"featured_media":13455,"comment_status":"closed","ping_status":"closed","template":"","meta":[],"product_cat":[194,159],"product_tag":[],"jetpack_publicize_connections":[],"_links":{"self":[{"href":"https:\/\/www.andreclaude.fr\/web\/index.php\/wp-json\/wp\/v2\/product\/13454"}],"collection":[{"href":"https:\/\/www.andreclaude.fr\/web\/index.php\/wp-json\/wp\/v2\/product"}],"about":[{"href":"https:\/\/www.andreclaude.fr\/web\/index.php\/wp-json\/wp\/v2\/types\/product"}],"replies":[{"embeddable":true,"href":"https:\/\/www.andreclaude.fr\/web\/index.php\/wp-json\/wp\/v2\/comments?post=13454"}],"wp:featuredmedia":[{"embeddable":true,"href":"https:\/\/www.andreclaude.fr\/web\/index.php\/wp-json\/wp\/v2\/media\/13455"}],"wp:attachment":[{"href":"https:\/\/www.andreclaude.fr\/web\/index.php\/wp-json\/wp\/v2\/media?parent=13454"}],"wp:term":[{"taxonomy":"product_cat","embeddable":true,"href":"https:\/\/www.andreclaude.fr\/web\/index.php\/wp-json\/wp\/v2\/product_cat?post=13454"},{"taxonomy":"product_tag","embeddable":true,"href":"https:\/\/www.andreclaude.fr\/web\/index.php\/wp-json\/wp\/v2\/product_tag?post=13454"}],"curies":[{"name":"wp","href":"https:\/\/api.w.org\/{rel}","templated":true}]}}