{"id":13023,"date":"2018-11-06T16:07:16","date_gmt":"2018-11-06T15:07:16","guid":{"rendered":"http:\/\/www.andreclaude.fr\/web\/index.php\/produit\/jus-de-raisin-blanc-bio-1-litres\/"},"modified":"2022-01-27T17:44:22","modified_gmt":"2022-01-27T16:44:22","slug":"jus-de-raisin-blanc-bio-1-litres","status":"publish","type":"product","link":"https:\/\/www.andreclaude.fr\/web\/index.php\/produit\/jus-de-raisin-blanc-bio-1-litres\/","title":{"rendered":"Jus de Raisin Bio bouteille 75 cl"},"content":{"rendered":"","protected":false},"excerpt":{"rendered":"<p>Agiter avant de consommer.<\/p>\n<p>Apr\u00e8s ouverture, \u00e0 conserver au r\u00e9frig\u00e9rateur et \u00e0 consommer dans les 3 jours.<\/p>\n<p>Ingr\u00e9dients :Jus de raisin rouge*, jus de raisin blanc*. *Ingr\u00e9dients issus de l&rsquo;agriculture biologique.<\/p>\n<div class=\"valeurs_nutritionnelles col-print-4 col-md-4\">\n<p>Valeurs nutritionnelles<\/p>\n<div class=\"\">\n<p>Energie 263kj \/ 62kcal,<\/p>\n<p>Mati\u00e8res grasses &lt;0.5g dont acides gras satur\u00e9s 0g,<\/p>\n<p>Glucides 15g dont sucres 15g,<\/p>\n<p>Prot\u00e9ines &lt;0.5g,<\/p>\n<p>Sel &lt;0.01g.<\/p>\n<\/div>\n<\/div>\n","protected":false},"featured_media":18980,"comment_status":"closed","ping_status":"closed","template":"","meta":[],"product_cat":[212,194],"product_tag":[],"jetpack_publicize_connections":[],"_links":{"self":[{"href":"https:\/\/www.andreclaude.fr\/web\/index.php\/wp-json\/wp\/v2\/product\/13023"}],"collection":[{"href":"https:\/\/www.andreclaude.fr\/web\/index.php\/wp-json\/wp\/v2\/product"}],"about":[{"href":"https:\/\/www.andreclaude.fr\/web\/index.php\/wp-json\/wp\/v2\/types\/product"}],"replies":[{"embeddable":true,"href":"https:\/\/www.andreclaude.fr\/web\/index.php\/wp-json\/wp\/v2\/comments?post=13023"}],"wp:featuredmedia":[{"embeddable":true,"href":"https:\/\/www.andreclaude.fr\/web\/index.php\/wp-json\/wp\/v2\/media\/18980"}],"wp:attachment":[{"href":"https:\/\/www.andreclaude.fr\/web\/index.php\/wp-json\/wp\/v2\/media?parent=13023"}],"wp:term":[{"taxonomy":"product_cat","embeddable":true,"href":"https:\/\/www.andreclaude.fr\/web\/index.php\/wp-json\/wp\/v2\/product_cat?post=13023"},{"taxonomy":"product_tag","embeddable":true,"href":"https:\/\/www.andreclaude.fr\/web\/index.php\/wp-json\/wp\/v2\/product_tag?post=13023"}],"curies":[{"name":"wp","href":"https:\/\/api.w.org\/{rel}","templated":true}]}}