{"id":12605,"date":"2018-08-31T05:08:36","date_gmt":"2018-08-31T04:08:36","guid":{"rendered":"http:\/\/www.andreclaude.fr\/web\/?post_type=product&#038;p=12605"},"modified":"2026-03-26T10:42:34","modified_gmt":"2026-03-26T09:42:34","slug":"ravioli-a-la-provencale-le-pot-de-800-grs","status":"publish","type":"product","link":"https:\/\/www.andreclaude.fr\/web\/index.php\/produit\/ravioli-a-la-provencale-le-pot-de-800-grs\/","title":{"rendered":"Ravioli \u00e0 la Proven\u00e7ale le pot de 650g"},"content":{"rendered":"<p>Distribu\u00e9 par : Distrazur\u00a0 26780 Malataverne<\/p>\n","protected":false},"excerpt":{"rendered":"<p>Les saveurs du Clavon<\/p>\n<p>&nbsp;<\/p>\n","protected":false},"featured_media":12607,"comment_status":"closed","ping_status":"closed","template":"","meta":[],"product_cat":[194,171],"product_tag":[],"jetpack_publicize_connections":[],"_links":{"self":[{"href":"https:\/\/www.andreclaude.fr\/web\/index.php\/wp-json\/wp\/v2\/product\/12605"}],"collection":[{"href":"https:\/\/www.andreclaude.fr\/web\/index.php\/wp-json\/wp\/v2\/product"}],"about":[{"href":"https:\/\/www.andreclaude.fr\/web\/index.php\/wp-json\/wp\/v2\/types\/product"}],"replies":[{"embeddable":true,"href":"https:\/\/www.andreclaude.fr\/web\/index.php\/wp-json\/wp\/v2\/comments?post=12605"}],"wp:featuredmedia":[{"embeddable":true,"href":"https:\/\/www.andreclaude.fr\/web\/index.php\/wp-json\/wp\/v2\/media\/12607"}],"wp:attachment":[{"href":"https:\/\/www.andreclaude.fr\/web\/index.php\/wp-json\/wp\/v2\/media?parent=12605"}],"wp:term":[{"taxonomy":"product_cat","embeddable":true,"href":"https:\/\/www.andreclaude.fr\/web\/index.php\/wp-json\/wp\/v2\/product_cat?post=12605"},{"taxonomy":"product_tag","embeddable":true,"href":"https:\/\/www.andreclaude.fr\/web\/index.php\/wp-json\/wp\/v2\/product_tag?post=12605"}],"curies":[{"name":"wp","href":"https:\/\/api.w.org\/{rel}","templated":true}]}}