{"id":12184,"date":"2018-05-15T09:12:17","date_gmt":"2018-05-15T08:12:17","guid":{"rendered":"http:\/\/www.andreclaude.fr\/web\/index.php\/produit\/rhum-vanille-coco-la-bouteille-de-70-cl\/"},"modified":"2023-09-22T04:14:06","modified_gmt":"2023-09-22T03:14:06","slug":"rhum-vanille-coco-la-bouteille-de-70-cl","status":"publish","type":"product","link":"https:\/\/www.andreclaude.fr\/web\/index.php\/produit\/rhum-vanille-coco-la-bouteille-de-70-cl\/","title":{"rendered":"Rhum Noix de coco la bouteille de 70 cl"},"content":{"rendered":"","protected":false},"excerpt":{"rendered":"<p>Un arrang\u00e9 aux saveurs des \u00eeles\u2026.<\/p>\n<p>\u00c0 consommer bien frais<\/p>\n<p>Alcool 28,5 %<\/p>\n<p>La consommation de boissons alcoolis\u00e9es pendant la grossesse, m\u00eame en faible quantit\u00e9, peut avoir des cons\u00e9quences graves sur la sant\u00e9 de l\u2019enfant.<\/p>\n<p>L ABUS D ALCOOL EST DANGEREUX POUR LA SANTE. A CONSOMMER AVEC MODERATION.<\/p>\n<p>LA VENTE D ALCOOL EST INTERDITE AUX MINEURS.<\/p>\n<p>L\u2019arom&rsquo;arrang\u00e9 249 rue de la Girardi\u00e8re\u00a0 37530 Charg\u00e9.<\/p>\n","protected":false},"featured_media":12185,"comment_status":"closed","ping_status":"closed","template":"","meta":[],"product_cat":[194,160],"product_tag":[],"jetpack_publicize_connections":[],"_links":{"self":[{"href":"https:\/\/www.andreclaude.fr\/web\/index.php\/wp-json\/wp\/v2\/product\/12184"}],"collection":[{"href":"https:\/\/www.andreclaude.fr\/web\/index.php\/wp-json\/wp\/v2\/product"}],"about":[{"href":"https:\/\/www.andreclaude.fr\/web\/index.php\/wp-json\/wp\/v2\/types\/product"}],"replies":[{"embeddable":true,"href":"https:\/\/www.andreclaude.fr\/web\/index.php\/wp-json\/wp\/v2\/comments?post=12184"}],"wp:featuredmedia":[{"embeddable":true,"href":"https:\/\/www.andreclaude.fr\/web\/index.php\/wp-json\/wp\/v2\/media\/12185"}],"wp:attachment":[{"href":"https:\/\/www.andreclaude.fr\/web\/index.php\/wp-json\/wp\/v2\/media?parent=12184"}],"wp:term":[{"taxonomy":"product_cat","embeddable":true,"href":"https:\/\/www.andreclaude.fr\/web\/index.php\/wp-json\/wp\/v2\/product_cat?post=12184"},{"taxonomy":"product_tag","embeddable":true,"href":"https:\/\/www.andreclaude.fr\/web\/index.php\/wp-json\/wp\/v2\/product_tag?post=12184"}],"curies":[{"name":"wp","href":"https:\/\/api.w.org\/{rel}","templated":true}]}}