{"id":12177,"date":"2018-05-12T08:44:51","date_gmt":"2018-05-12T07:44:51","guid":{"rendered":"http:\/\/www.andreclaude.fr\/web\/?post_type=product&#038;p=12177"},"modified":"2023-03-31T06:40:54","modified_gmt":"2023-03-31T05:40:54","slug":"chips-de-beauce-aux-herbes-le-paquet-150g","status":"publish","type":"product","link":"https:\/\/www.andreclaude.fr\/web\/index.php\/produit\/chips-de-beauce-aux-herbes-le-paquet-150g\/","title":{"rendered":"Chips de Beauce Aux herbes le paquet 150g"},"content":{"rendered":"","protected":false},"excerpt":{"rendered":"<p>Belsia, c&rsquo;est l&rsquo;histoire de Cl\u00e9mence et Matthieu qui, par amour du bon et du terroir, d\u00e9cident de transformer les belles pommes de terre de l&rsquo;exploitation familiale de Mathieu en chips. Ni une ni deux, la ferme de L\u00e9tourville au milieu de la plaine de Beauce (\u00ab\u00a0Belsia\u00a0\u00bb en latin), se voit \u00e9quip\u00e9e d&rsquo;un atelier de transformation et lance ses premi\u00e8res chips en 2016. Et pas n&rsquo;importe quelles chips : des chips de qualit\u00e9, gourmandes et qui refl\u00e8tent l&rsquo;excellence et le savoir-faire du terroir local.<\/p>\n<p>Chips sont garanties :SANS GLUTEN SANS CONSERVATEURS SANS AR\u00d4MES ARTIFICIELS SANS HUILE DE PALME<\/p>\n<p>Pommes de terre (69%), huile de tournesol (26%), sel de l&rsquo;\u00cele de R\u00e9 (1%), herbes de Provence (2%) et poudre de tomates d\u00e9shydrat\u00e9es (2%)<\/p>\n<p>Energie \t440 \/ 1842.19 \tkcal \/ kJ<br \/>\nMati\u00e8res grasses 28 g<br \/>\nAcides gras satur\u00e9s 2,6 g<br \/>\nGlucides 38 g<br \/>\nSucres \t0,6 g<br \/>\nProt\u00e9ines 6,5 g<br \/>\nSel 1 g<br \/>\nFibres 4,3 g<\/p>\n","protected":false},"featured_media":12178,"comment_status":"closed","ping_status":"closed","template":"","meta":[],"product_cat":[214,196,194],"product_tag":[],"jetpack_publicize_connections":[],"_links":{"self":[{"href":"https:\/\/www.andreclaude.fr\/web\/index.php\/wp-json\/wp\/v2\/product\/12177"}],"collection":[{"href":"https:\/\/www.andreclaude.fr\/web\/index.php\/wp-json\/wp\/v2\/product"}],"about":[{"href":"https:\/\/www.andreclaude.fr\/web\/index.php\/wp-json\/wp\/v2\/types\/product"}],"replies":[{"embeddable":true,"href":"https:\/\/www.andreclaude.fr\/web\/index.php\/wp-json\/wp\/v2\/comments?post=12177"}],"wp:featuredmedia":[{"embeddable":true,"href":"https:\/\/www.andreclaude.fr\/web\/index.php\/wp-json\/wp\/v2\/media\/12178"}],"wp:attachment":[{"href":"https:\/\/www.andreclaude.fr\/web\/index.php\/wp-json\/wp\/v2\/media?parent=12177"}],"wp:term":[{"taxonomy":"product_cat","embeddable":true,"href":"https:\/\/www.andreclaude.fr\/web\/index.php\/wp-json\/wp\/v2\/product_cat?post=12177"},{"taxonomy":"product_tag","embeddable":true,"href":"https:\/\/www.andreclaude.fr\/web\/index.php\/wp-json\/wp\/v2\/product_tag?post=12177"}],"curies":[{"name":"wp","href":"https:\/\/api.w.org\/{rel}","templated":true}]}}