{"id":11940,"date":"2018-03-23T08:44:57","date_gmt":"2018-03-23T07:44:57","guid":{"rendered":"http:\/\/www.andreclaude.fr\/web\/index.php\/produit\/sirop-de-violette-vedrenne-la-bouteille-de-70-cl\/"},"modified":"2023-01-06T11:14:27","modified_gmt":"2023-01-06T10:14:27","slug":"sirop-de-violette-vedrenne-la-bouteille-de-70-cl","status":"publish","type":"product","link":"https:\/\/www.andreclaude.fr\/web\/index.php\/produit\/sirop-de-violette-vedrenne-la-bouteille-de-70-cl\/","title":{"rendered":"Sirop de violette Vedrenne bouteille 70 cl"},"content":{"rendered":"<p>VEDRENNE<\/p>\n<p>6 Passage Montgolfier<\/p>\n<p>21702 Nuits Saint Georges<\/p>\n","protected":false},"excerpt":{"rendered":"<p>Couleur pourpre violet brillant.<\/p>\n<p>Nez puissant floral intense de violette.<\/p>\n<p>Bouche tr\u00e8s aromatique \u00e9l\u00e9gante et florale.<\/p>\n","protected":false},"featured_media":11931,"comment_status":"closed","ping_status":"closed","template":"","meta":[],"product_cat":[212,194],"product_tag":[],"jetpack_publicize_connections":[],"_links":{"self":[{"href":"https:\/\/www.andreclaude.fr\/web\/index.php\/wp-json\/wp\/v2\/product\/11940"}],"collection":[{"href":"https:\/\/www.andreclaude.fr\/web\/index.php\/wp-json\/wp\/v2\/product"}],"about":[{"href":"https:\/\/www.andreclaude.fr\/web\/index.php\/wp-json\/wp\/v2\/types\/product"}],"replies":[{"embeddable":true,"href":"https:\/\/www.andreclaude.fr\/web\/index.php\/wp-json\/wp\/v2\/comments?post=11940"}],"wp:featuredmedia":[{"embeddable":true,"href":"https:\/\/www.andreclaude.fr\/web\/index.php\/wp-json\/wp\/v2\/media\/11931"}],"wp:attachment":[{"href":"https:\/\/www.andreclaude.fr\/web\/index.php\/wp-json\/wp\/v2\/media?parent=11940"}],"wp:term":[{"taxonomy":"product_cat","embeddable":true,"href":"https:\/\/www.andreclaude.fr\/web\/index.php\/wp-json\/wp\/v2\/product_cat?post=11940"},{"taxonomy":"product_tag","embeddable":true,"href":"https:\/\/www.andreclaude.fr\/web\/index.php\/wp-json\/wp\/v2\/product_tag?post=11940"}],"curies":[{"name":"wp","href":"https:\/\/api.w.org\/{rel}","templated":true}]}}