{"id":11919,"date":"2018-03-23T08:24:56","date_gmt":"2018-03-23T07:24:56","guid":{"rendered":"http:\/\/www.andreclaude.fr\/web\/index.php\/produit\/sirop-de-cassis-vedrenne-la-bouteille-de-70-cl\/"},"modified":"2026-03-27T16:35:21","modified_gmt":"2026-03-27T15:35:21","slug":"sirop-de-cassis-monin-la-bouteille-de-70-cl","status":"publish","type":"product","link":"https:\/\/www.andreclaude.fr\/web\/index.php\/produit\/sirop-de-cassis-monin-la-bouteille-de-70-cl\/","title":{"rendered":"Sirop de cassis Monin  la bouteille de 70 cl"},"content":{"rendered":"<p>VEDRENNE<\/p>\n<p>6 Passage Montgolfier<\/p>\n<p>21702 Nuits Saint Georges<\/p>\n","protected":false},"excerpt":{"rendered":"<p>Couleur brillante, claire, cassis frais.<\/p>\n<p>Nez jus de cassis frais avec nuances de gel\u00e9e de fruit faite maison.<\/p>\n<p>Bouche fruit\u00e9e, agr\u00e9ablement acidul\u00e9e.<\/p>\n","protected":false},"featured_media":11920,"comment_status":"closed","ping_status":"closed","template":"","meta":[],"product_cat":[212,194],"product_tag":[],"jetpack_publicize_connections":[],"_links":{"self":[{"href":"https:\/\/www.andreclaude.fr\/web\/index.php\/wp-json\/wp\/v2\/product\/11919"}],"collection":[{"href":"https:\/\/www.andreclaude.fr\/web\/index.php\/wp-json\/wp\/v2\/product"}],"about":[{"href":"https:\/\/www.andreclaude.fr\/web\/index.php\/wp-json\/wp\/v2\/types\/product"}],"replies":[{"embeddable":true,"href":"https:\/\/www.andreclaude.fr\/web\/index.php\/wp-json\/wp\/v2\/comments?post=11919"}],"wp:featuredmedia":[{"embeddable":true,"href":"https:\/\/www.andreclaude.fr\/web\/index.php\/wp-json\/wp\/v2\/media\/11920"}],"wp:attachment":[{"href":"https:\/\/www.andreclaude.fr\/web\/index.php\/wp-json\/wp\/v2\/media?parent=11919"}],"wp:term":[{"taxonomy":"product_cat","embeddable":true,"href":"https:\/\/www.andreclaude.fr\/web\/index.php\/wp-json\/wp\/v2\/product_cat?post=11919"},{"taxonomy":"product_tag","embeddable":true,"href":"https:\/\/www.andreclaude.fr\/web\/index.php\/wp-json\/wp\/v2\/product_tag?post=11919"}],"curies":[{"name":"wp","href":"https:\/\/api.w.org\/{rel}","templated":true}]}}