{"id":11913,"date":"2018-03-23T08:19:27","date_gmt":"2018-03-23T07:19:27","guid":{"rendered":"http:\/\/www.andreclaude.fr\/web\/?post_type=product&#038;p=11913"},"modified":"2018-10-21T07:07:31","modified_gmt":"2018-10-21T06:07:31","slug":"vielle-prune-la-bouteille-de-70-cl","status":"publish","type":"product","link":"https:\/\/www.andreclaude.fr\/web\/index.php\/produit\/vielle-prune-la-bouteille-de-70-cl\/","title":{"rendered":"Vieille Prune la bouteille de 70 cl"},"content":{"rendered":"","protected":false},"excerpt":{"rendered":"<p>Issue de la distillation de prunes rondes et charnues, \u00e0 maturit\u00e9 en octobre, cette eau-de-vie puissante et fruit\u00e9e et tr\u00e8s aromatique est\u00a0 vieillie en f\u00fbts de ch\u00eane o\u00f9 elle s\u2019arrondit et acquiert\u00a0 finesse et subtilit\u00e9.<\/p>\n<p>Alcool 42 %.<\/p>\n<p>La consommation de boissons alcoolis\u00e9es pendant la grossesse, m\u00eame en faible quantit\u00e9, peut avoir des cons\u00e9quences graves sur la sant\u00e9 de l\u2019enfant.<\/p>\n<div>\n<p>L ABUS D ALCOOL EST DANGEREUX POUR LA SANTE. A CONSOMMER AVEC MODERATION<\/p>\n<p>LA VENTE D ALCOOL EST INTERDITE AUX MINEURS.<\/p>\n<p>Vedrenne 21700 Nuits St Georges.<\/p>\n<\/div>\n","protected":false},"featured_media":11914,"comment_status":"closed","ping_status":"closed","template":"","meta":[],"product_cat":[194,160],"product_tag":[],"jetpack_publicize_connections":[],"_links":{"self":[{"href":"https:\/\/www.andreclaude.fr\/web\/index.php\/wp-json\/wp\/v2\/product\/11913"}],"collection":[{"href":"https:\/\/www.andreclaude.fr\/web\/index.php\/wp-json\/wp\/v2\/product"}],"about":[{"href":"https:\/\/www.andreclaude.fr\/web\/index.php\/wp-json\/wp\/v2\/types\/product"}],"replies":[{"embeddable":true,"href":"https:\/\/www.andreclaude.fr\/web\/index.php\/wp-json\/wp\/v2\/comments?post=11913"}],"wp:featuredmedia":[{"embeddable":true,"href":"https:\/\/www.andreclaude.fr\/web\/index.php\/wp-json\/wp\/v2\/media\/11914"}],"wp:attachment":[{"href":"https:\/\/www.andreclaude.fr\/web\/index.php\/wp-json\/wp\/v2\/media?parent=11913"}],"wp:term":[{"taxonomy":"product_cat","embeddable":true,"href":"https:\/\/www.andreclaude.fr\/web\/index.php\/wp-json\/wp\/v2\/product_cat?post=11913"},{"taxonomy":"product_tag","embeddable":true,"href":"https:\/\/www.andreclaude.fr\/web\/index.php\/wp-json\/wp\/v2\/product_tag?post=11913"}],"curies":[{"name":"wp","href":"https:\/\/api.w.org\/{rel}","templated":true}]}}