{"id":11910,"date":"2018-03-23T08:01:14","date_gmt":"2018-03-23T07:01:14","guid":{"rendered":"http:\/\/www.andreclaude.fr\/web\/?post_type=product&#038;p=11910"},"modified":"2018-10-21T06:58:49","modified_gmt":"2018-10-21T05:58:49","slug":"gratte-cul-la-bouteille-de-50-cl","status":"publish","type":"product","link":"https:\/\/www.andreclaude.fr\/web\/index.php\/produit\/gratte-cul-la-bouteille-de-50-cl\/","title":{"rendered":"Gratte cul la bouteille de 50 cl"},"content":{"rendered":"","protected":false},"excerpt":{"rendered":"<p>Boisson aromatis\u00e9e \u00e0 base de vin et des fruits de l&rsquo;\u00e9glantier.<br \/>\nCet ap\u00e9ritif se sert bien frais, nature ou sur glace.<\/p>\n<p>Alcool 11,5%.<\/p>\n<p>La consommation de boissons alcoolis\u00e9es pendant la grossesse, m\u00eame en faible quantit\u00e9, peut avoir des cons\u00e9quences graves sur la sant\u00e9 de l\u2019enfant.<\/p>\n<div>\n<p>L ABUS D ALCOOL EST DANGEREUX POUR LA SANTE. A CONSOMMER AVEC MODERATION<\/p>\n<p>LA VENTE D ALCOOL EST INTERDITE AUX MINEURS.<\/p>\n<p>Distillerie des terres rouges 19500 Turenne<\/p>\n<\/div>\n","protected":false},"featured_media":11894,"comment_status":"closed","ping_status":"closed","template":"","meta":[],"product_cat":[194,160],"product_tag":[],"jetpack_publicize_connections":[],"_links":{"self":[{"href":"https:\/\/www.andreclaude.fr\/web\/index.php\/wp-json\/wp\/v2\/product\/11910"}],"collection":[{"href":"https:\/\/www.andreclaude.fr\/web\/index.php\/wp-json\/wp\/v2\/product"}],"about":[{"href":"https:\/\/www.andreclaude.fr\/web\/index.php\/wp-json\/wp\/v2\/types\/product"}],"replies":[{"embeddable":true,"href":"https:\/\/www.andreclaude.fr\/web\/index.php\/wp-json\/wp\/v2\/comments?post=11910"}],"wp:featuredmedia":[{"embeddable":true,"href":"https:\/\/www.andreclaude.fr\/web\/index.php\/wp-json\/wp\/v2\/media\/11894"}],"wp:attachment":[{"href":"https:\/\/www.andreclaude.fr\/web\/index.php\/wp-json\/wp\/v2\/media?parent=11910"}],"wp:term":[{"taxonomy":"product_cat","embeddable":true,"href":"https:\/\/www.andreclaude.fr\/web\/index.php\/wp-json\/wp\/v2\/product_cat?post=11910"},{"taxonomy":"product_tag","embeddable":true,"href":"https:\/\/www.andreclaude.fr\/web\/index.php\/wp-json\/wp\/v2\/product_tag?post=11910"}],"curies":[{"name":"wp","href":"https:\/\/api.w.org\/{rel}","templated":true}]}}