{"id":11720,"date":"2018-02-15T11:35:25","date_gmt":"2018-02-15T10:35:25","guid":{"rendered":"http:\/\/www.andreclaude.fr\/web\/?post_type=product&#038;p=11720"},"modified":"2024-03-08T09:21:44","modified_gmt":"2024-03-08T08:21:44","slug":"biscotte-aux-7-cereales-le-paquet-370-grs","status":"publish","type":"product","link":"https:\/\/www.andreclaude.fr\/web\/index.php\/produit\/biscotte-aux-7-cereales-le-paquet-370-grs\/","title":{"rendered":"Biscotte aux 7 c\u00e9r\u00e9ales le paquet 370 grs"},"content":{"rendered":"<p>La Chanteracoise<\/p>\n<p>Le Pont<br \/>\n24190 Saint-Germain-du-Salembre<\/p>\n","protected":false},"excerpt":{"rendered":"<p>Toutes les biscotteries artisanales ont disparu au cours des d\u00e9cennies qui suivirent, laissant place aux nombreuses fabrications industrielles.<\/p>\n<p>Toutes sauf une\u2026 la derni\u00e8re biscotterie artisanale en France aujourd\u2019hui encore, \u00e0\u00a0Saint Germain du\u00a0Salembre, \u00e9labore les biscottes suivant la recette et le savoir-faire authentiques.<\/p>\n<p>Ingr\u00e9dients : farine de <strong>bl\u00e9 (gluten)<\/strong>, c\u00e9r\u00e9ales (<strong>gluten<\/strong>) et graines 22.6% ( farine de bl\u00e9, graines de lin brun, graines de <strong>s\u00e9same<\/strong>, farine de <strong>seigle<\/strong> T70, farine d&rsquo;<strong>avoine<\/strong>, farine d&rsquo;<strong>orge<\/strong>, farine de riz, farine de sarrazin, farine de ma\u00efs, graines de carvi, graines de millet, graines de lin jaune, graines de tournesol, graines de pavot) sucre, , huile de coco non hydrog\u00e9n\u00e9e, , levure boulang\u00e8re, sel, malt d&rsquo;<strong>orge (gluten)<\/strong><\/p>\n<p><strong>Atelier utilisant s\u00e9same et fruits \u00e0 coques (noisettes et amandes).<\/strong><\/p>\n<p><strong>Sans colorant, sans conservateur, sans huile de palme.<\/strong><\/p>\n<p>Informations nutritionnelles (pour 100g)<\/p>\n<table style=\"height: 126px; width: 586px;\">\n<tbody>\n<tr>\n<td style=\"width: 301px;\">valeur \u00e9nerg\u00e9tique : 1655kj\/393kcal<\/td>\n<td style=\"width: 269px;\">prot\u00e9ines : 12g<\/td>\n<\/tr>\n<tr>\n<td style=\"width: 301px;\">lipides (mati\u00e8res grasses) : 11g<\/td>\n<td style=\"width: 269px;\">dont acides gras satur\u00e9s : 7g<\/td>\n<\/tr>\n<tr>\n<td style=\"width: 301px;\">glucides : 59g<\/td>\n<td style=\"width: 269px;\">dont sucres : 4.7g<\/td>\n<\/tr>\n<tr>\n<td style=\"width: 301px;\">fibres : 2.4g<\/td>\n<td style=\"width: 269px;\">sel 1.5g<\/td>\n<\/tr>\n<\/tbody>\n<\/table>\n","protected":false},"featured_media":11725,"comment_status":"closed","ping_status":"closed","template":"","meta":[],"product_cat":[194,171],"product_tag":[],"jetpack_publicize_connections":[],"_links":{"self":[{"href":"https:\/\/www.andreclaude.fr\/web\/index.php\/wp-json\/wp\/v2\/product\/11720"}],"collection":[{"href":"https:\/\/www.andreclaude.fr\/web\/index.php\/wp-json\/wp\/v2\/product"}],"about":[{"href":"https:\/\/www.andreclaude.fr\/web\/index.php\/wp-json\/wp\/v2\/types\/product"}],"replies":[{"embeddable":true,"href":"https:\/\/www.andreclaude.fr\/web\/index.php\/wp-json\/wp\/v2\/comments?post=11720"}],"wp:featuredmedia":[{"embeddable":true,"href":"https:\/\/www.andreclaude.fr\/web\/index.php\/wp-json\/wp\/v2\/media\/11725"}],"wp:attachment":[{"href":"https:\/\/www.andreclaude.fr\/web\/index.php\/wp-json\/wp\/v2\/media?parent=11720"}],"wp:term":[{"taxonomy":"product_cat","embeddable":true,"href":"https:\/\/www.andreclaude.fr\/web\/index.php\/wp-json\/wp\/v2\/product_cat?post=11720"},{"taxonomy":"product_tag","embeddable":true,"href":"https:\/\/www.andreclaude.fr\/web\/index.php\/wp-json\/wp\/v2\/product_tag?post=11720"}],"curies":[{"name":"wp","href":"https:\/\/api.w.org\/{rel}","templated":true}]}}