{"id":11715,"date":"2018-02-14T11:08:32","date_gmt":"2018-02-14T10:08:32","guid":{"rendered":"http:\/\/www.andreclaude.fr\/web\/?post_type=product&#038;p=11715"},"modified":"2023-02-17T09:16:45","modified_gmt":"2023-02-17T08:16:45","slug":"sauce-bearnaise-le-pot-de-90-grs","status":"publish","type":"product","link":"https:\/\/www.andreclaude.fr\/web\/index.php\/produit\/sauce-bearnaise-le-pot-de-90-grs\/","title":{"rendered":"Sauce B\u00e9arnaise le pot de 90 grs"},"content":{"rendered":"<p>Distribu\u00e9 par<\/p>\n<p>DISTRAZUR<\/p>\n<p><span class=\"LrzXr\">ZI des plaines, <\/span><\/p>\n<p><span class=\"LrzXr\">80 chemins des buis, <\/span><\/p>\n<p><span class=\"LrzXr\">26780 Malataverne<\/span><\/p>\n","protected":false},"excerpt":{"rendered":"<p>Ingr\u00e9dients :<\/p>\n<p>Huile de colza, jaune d&rsquo;<strong>oeuf,<\/strong> <strong>moutarde<\/strong> de Dijon (eau, graines de <strong>moutarde<\/strong>, vinaigre, sel, conservateur : <strong>bisulfite<\/strong> de sodium), vinaigre, eau, \u00e9chalote r\u00e9hydrat\u00e9e (1.4%), sel, sucre, cerfeuil, ar\u00f4me, colorants : lut\u00e9ine et extrait de paprika, \u00e9paississants : gomme de xanthane et farine de graines de guar, sirop de glucose,poivre,\u00a0 jus concentr\u00e9 de citron.<\/p>\n<p>Valeurs nutritionnelles moyennes pour 100g<\/p>\n<p>Energie : 2803kj\/682kcal<\/p>\n<p>Mati\u00e8res grasses : 74.1g dont acides gras satur\u00e9s 6g<\/p>\n<p>Glucides : 2.1g dont sucres 1.7g<\/p>\n<p>Fibres alimentaires : 0.6g<\/p>\n<p>Prot\u00e9ines : 1.2g.<\/p>\n<p>Sel : 1.5g<\/p>\n","protected":false},"featured_media":11967,"comment_status":"closed","ping_status":"closed","template":"","meta":[],"product_cat":[194,179],"product_tag":[],"jetpack_publicize_connections":[],"_links":{"self":[{"href":"https:\/\/www.andreclaude.fr\/web\/index.php\/wp-json\/wp\/v2\/product\/11715"}],"collection":[{"href":"https:\/\/www.andreclaude.fr\/web\/index.php\/wp-json\/wp\/v2\/product"}],"about":[{"href":"https:\/\/www.andreclaude.fr\/web\/index.php\/wp-json\/wp\/v2\/types\/product"}],"replies":[{"embeddable":true,"href":"https:\/\/www.andreclaude.fr\/web\/index.php\/wp-json\/wp\/v2\/comments?post=11715"}],"wp:featuredmedia":[{"embeddable":true,"href":"https:\/\/www.andreclaude.fr\/web\/index.php\/wp-json\/wp\/v2\/media\/11967"}],"wp:attachment":[{"href":"https:\/\/www.andreclaude.fr\/web\/index.php\/wp-json\/wp\/v2\/media?parent=11715"}],"wp:term":[{"taxonomy":"product_cat","embeddable":true,"href":"https:\/\/www.andreclaude.fr\/web\/index.php\/wp-json\/wp\/v2\/product_cat?post=11715"},{"taxonomy":"product_tag","embeddable":true,"href":"https:\/\/www.andreclaude.fr\/web\/index.php\/wp-json\/wp\/v2\/product_tag?post=11715"}],"curies":[{"name":"wp","href":"https:\/\/api.w.org\/{rel}","templated":true}]}}