{"id":11714,"date":"2018-02-14T10:56:48","date_gmt":"2018-02-14T09:56:48","guid":{"rendered":"http:\/\/www.andreclaude.fr\/web\/?post_type=product&#038;p=11714"},"modified":"2023-02-17T09:16:31","modified_gmt":"2023-02-17T08:16:31","slug":"sauce-bourguignonne-le-pot-de-90-grs","status":"publish","type":"product","link":"https:\/\/www.andreclaude.fr\/web\/index.php\/produit\/sauce-bourguignonne-le-pot-de-90-grs\/","title":{"rendered":"Sauce Bourguignonne le pot de 90 grs"},"content":{"rendered":"<p>Distribu\u00e9 par<\/p>\n<p>DISTRAZUR<\/p>\n<p><span class=\"LrzXr\">ZI des plaines, <\/span><\/p>\n<p><span class=\"LrzXr\">80 chemins des buis, <\/span><\/p>\n<p><span class=\"LrzXr\">26780 Malataverne<\/span><\/p>\n","protected":false},"excerpt":{"rendered":"<p>Ingr\u00e9dients :<\/p>\n<p>Huile de colza, double concentr\u00e9 de tomate,jaune d&rsquo;<strong>oeuf,<\/strong> <strong>moutarde<\/strong> <strong>douce<\/strong> (eau, graines de <strong>moutarde<\/strong>, vinaigre, sel, sucre, huile de tournesol, \u00e9pices, colorant :<strong> caramel E150C (gluten)<\/strong> ar\u00f4mes (colorant E141) \u00e9chalotes r\u00e9hydrat\u00e9es, <strong>jaune d&rsquo;oeuf<\/strong>, vinaigre, moutarde de dijon (eau graines de moutarde, vinaigre, sel, conservateur : <strong>bisulfite<\/strong> <strong>de sodium<\/strong>), <strong>vin rouge 2%<\/strong> (sulfites), sel, sucre, ar\u00f4me, colorants (E150C), ail, poivre, colorants : lut\u00e9ine et extrait de paprika, \u00e9paississants : gomme de xanthane et farine de graines de guar, sirop de glucose,poivre,\u00a0 jus concentr\u00e9 de citron.<\/p>\n<p>Valeurs nutritionnelles moyennes pour 100g<\/p>\n<p>Energie : 2219kj\/516kcal<\/p>\n<p>Mati\u00e8res grasses : 55.8g dont acides gras satur\u00e9s 4.6g<\/p>\n<p>Glucides : 6.2g dont sucres 4.6g<\/p>\n<p>Fibres alimentaires : 1.4g<\/p>\n<p>Prot\u00e9ines : 2.2g<\/p>\n<p>Sel : 1.6g<\/p>\n","protected":false},"featured_media":11968,"comment_status":"closed","ping_status":"closed","template":"","meta":[],"product_cat":[194,179],"product_tag":[],"jetpack_publicize_connections":[],"_links":{"self":[{"href":"https:\/\/www.andreclaude.fr\/web\/index.php\/wp-json\/wp\/v2\/product\/11714"}],"collection":[{"href":"https:\/\/www.andreclaude.fr\/web\/index.php\/wp-json\/wp\/v2\/product"}],"about":[{"href":"https:\/\/www.andreclaude.fr\/web\/index.php\/wp-json\/wp\/v2\/types\/product"}],"replies":[{"embeddable":true,"href":"https:\/\/www.andreclaude.fr\/web\/index.php\/wp-json\/wp\/v2\/comments?post=11714"}],"wp:featuredmedia":[{"embeddable":true,"href":"https:\/\/www.andreclaude.fr\/web\/index.php\/wp-json\/wp\/v2\/media\/11968"}],"wp:attachment":[{"href":"https:\/\/www.andreclaude.fr\/web\/index.php\/wp-json\/wp\/v2\/media?parent=11714"}],"wp:term":[{"taxonomy":"product_cat","embeddable":true,"href":"https:\/\/www.andreclaude.fr\/web\/index.php\/wp-json\/wp\/v2\/product_cat?post=11714"},{"taxonomy":"product_tag","embeddable":true,"href":"https:\/\/www.andreclaude.fr\/web\/index.php\/wp-json\/wp\/v2\/product_tag?post=11714"}],"curies":[{"name":"wp","href":"https:\/\/api.w.org\/{rel}","templated":true}]}}