{"id":11712,"date":"2018-02-14T10:51:58","date_gmt":"2018-02-14T09:51:58","guid":{"rendered":"http:\/\/www.andreclaude.fr\/web\/?post_type=product&#038;p=11712"},"modified":"2023-02-17T09:17:30","modified_gmt":"2023-02-17T08:17:30","slug":"cornichon-extra-fins-le-pot-de-350-grs","status":"publish","type":"product","link":"https:\/\/www.andreclaude.fr\/web\/index.php\/produit\/cornichon-extra-fins-le-pot-de-350-grs\/","title":{"rendered":"Cornichon Extra fins le pot de 350 grs"},"content":{"rendered":"<p>Distribu\u00e9 par<\/p>\n<p>DISTRAZUR<\/p>\n<p><span class=\"LrzXr\">ZI des plaines, <\/span><\/p>\n<p><span class=\"LrzXr\">80 chemins des buis, <\/span><\/p>\n<p><span class=\"LrzXr\">26780 Malataverne<\/span><\/p>\n","protected":false},"excerpt":{"rendered":"<p>Ingr\u00e9dients :<\/p>\n<p>Cornichons origine Inde 97%, vinaigre d&rsquo;alcool d&rsquo;origine agricole, sel, aromates (oignons, graines de <strong>moutarde<\/strong>, coriandre, estragon) contient des sulfites.<\/p>\n<p>Sans OGM, sans ingr\u00e9dients ionis\u00e9s. Produit pasteuris\u00e9.<\/p>\n<p>Valeurs nutritionnelles moyennes pour 100g<\/p>\n<p>Energie : 71kj\/17kcal<\/p>\n<p>Mati\u00e8res grasses : 0.2g dont acides gras satur\u00e9s &lt;0.1g<\/p>\n<p>Glucides 2.8g dont sucres 0.6g<\/p>\n<p>Prot\u00e9ines 0.9g<\/p>\n<p>Sel 1.82g<\/p>\n<p>&nbsp;<\/p>\n","protected":false},"featured_media":19026,"comment_status":"closed","ping_status":"closed","template":"","meta":[],"product_cat":[194,179],"product_tag":[],"jetpack_publicize_connections":[],"_links":{"self":[{"href":"https:\/\/www.andreclaude.fr\/web\/index.php\/wp-json\/wp\/v2\/product\/11712"}],"collection":[{"href":"https:\/\/www.andreclaude.fr\/web\/index.php\/wp-json\/wp\/v2\/product"}],"about":[{"href":"https:\/\/www.andreclaude.fr\/web\/index.php\/wp-json\/wp\/v2\/types\/product"}],"replies":[{"embeddable":true,"href":"https:\/\/www.andreclaude.fr\/web\/index.php\/wp-json\/wp\/v2\/comments?post=11712"}],"wp:featuredmedia":[{"embeddable":true,"href":"https:\/\/www.andreclaude.fr\/web\/index.php\/wp-json\/wp\/v2\/media\/19026"}],"wp:attachment":[{"href":"https:\/\/www.andreclaude.fr\/web\/index.php\/wp-json\/wp\/v2\/media?parent=11712"}],"wp:term":[{"taxonomy":"product_cat","embeddable":true,"href":"https:\/\/www.andreclaude.fr\/web\/index.php\/wp-json\/wp\/v2\/product_cat?post=11712"},{"taxonomy":"product_tag","embeddable":true,"href":"https:\/\/www.andreclaude.fr\/web\/index.php\/wp-json\/wp\/v2\/product_tag?post=11712"}],"curies":[{"name":"wp","href":"https:\/\/api.w.org\/{rel}","templated":true}]}}