{"id":11629,"date":"2018-02-01T11:55:17","date_gmt":"2018-02-01T10:55:17","guid":{"rendered":"http:\/\/www.andreclaude.fr\/web\/?post_type=product&#038;p=11629"},"modified":"2023-02-07T11:06:16","modified_gmt":"2023-02-07T10:06:16","slug":"cabecou-du-perigord-la-piece-35g","status":"publish","type":"product","link":"https:\/\/www.andreclaude.fr\/web\/index.php\/produit\/cabecou-du-perigord-la-piece-35g\/","title":{"rendered":"Cab\u00e9cou du P\u00e9rigord la pi\u00e8ce 35g"},"content":{"rendered":"<p>Cab\u00e9cou du P\u00e9rigord<\/p>\n<p>Laiteries H TRIBALLAT<\/p>\n<p>18220 RIANS FRANCE<\/p>\n<p>&nbsp;<\/p>\n","protected":false},"excerpt":{"rendered":"<p>Le cab\u00e9cou est un fromage pur ch\u00e8vre qui se pr\u00e9sente sous l\u2019aspect d\u2019un petit palet d\u2019une demi-douzaine de centim\u00e8tres de diam\u00e8tre en moyenne, tr\u00e8s plat, \u00e0 la p\u00e2te blanche couverte d\u2019une peau stri\u00e9e dont la couleur va du blanc au cr\u00e8me selon le degr\u00e9 d\u2019affinage.<\/p>\n<p>Ingr\u00e9dients : <strong>lait<\/strong> de ch\u00e8vre (origine France) pasteuris\u00e9.<\/p>\n<p>Valeurs nutritionnelles moyennes pour 100g<\/p>\n<p>Energie : 1160kj\/279kcal<\/p>\n<p>Mati\u00e8res grasses : 22g dont acides gras satur\u00e9s 16g<\/p>\n<p>Glucides : 3.2g dont sucres : 1.7g<\/p>\n<p>Prot\u00e9ines : 18g<\/p>\n<p>Sel : 1.5g<\/p>\n<p>&nbsp;<\/p>\n","protected":false},"featured_media":13383,"comment_status":"closed","ping_status":"closed","template":"","meta":[],"product_cat":[194,169],"product_tag":[],"jetpack_publicize_connections":[],"_links":{"self":[{"href":"https:\/\/www.andreclaude.fr\/web\/index.php\/wp-json\/wp\/v2\/product\/11629"}],"collection":[{"href":"https:\/\/www.andreclaude.fr\/web\/index.php\/wp-json\/wp\/v2\/product"}],"about":[{"href":"https:\/\/www.andreclaude.fr\/web\/index.php\/wp-json\/wp\/v2\/types\/product"}],"replies":[{"embeddable":true,"href":"https:\/\/www.andreclaude.fr\/web\/index.php\/wp-json\/wp\/v2\/comments?post=11629"}],"wp:featuredmedia":[{"embeddable":true,"href":"https:\/\/www.andreclaude.fr\/web\/index.php\/wp-json\/wp\/v2\/media\/13383"}],"wp:attachment":[{"href":"https:\/\/www.andreclaude.fr\/web\/index.php\/wp-json\/wp\/v2\/media?parent=11629"}],"wp:term":[{"taxonomy":"product_cat","embeddable":true,"href":"https:\/\/www.andreclaude.fr\/web\/index.php\/wp-json\/wp\/v2\/product_cat?post=11629"},{"taxonomy":"product_tag","embeddable":true,"href":"https:\/\/www.andreclaude.fr\/web\/index.php\/wp-json\/wp\/v2\/product_tag?post=11629"}],"curies":[{"name":"wp","href":"https:\/\/api.w.org\/{rel}","templated":true}]}}