{"id":11418,"date":"2017-12-15T08:08:23","date_gmt":"2017-12-15T07:08:23","guid":{"rendered":"http:\/\/www.andreclaude.fr\/web\/?post_type=product&#038;p=11418"},"modified":"2025-11-27T10:35:52","modified_gmt":"2025-11-27T09:35:52","slug":"champagne-bouche-pere-fils-cuvee-saphir-75-cl","status":"publish","type":"product","link":"https:\/\/www.andreclaude.fr\/web\/index.php\/produit\/champagne-bouche-pere-fils-cuvee-saphir-75-cl\/","title":{"rendered":"Champagne Bouch\u00e9 P\u00e8re &#038; Fils Cuv\u00e9e Saphir 75 cl"},"content":{"rendered":"","protected":false},"excerpt":{"rendered":"<div class=\"wpb_column vc_column_container vc_col-sm-6\">\n<div class=\"vc_column-inner \">\n<div class=\"wpb_wrapper\">\n<div class=\"wpb_text_column wpb_content_element \">\n<div class=\"wpb_wrapper\">\n<p>Ce champagne se compose de 75% Chardonnay 20 % pinot noir et 5% Pinot Meunier. Il est issu des vieilles vignes de la Maison.<\/p>\n<p>\u2013 10 ans de vieillissement<br \/>\n\u2013 Dosage 8g\/L<br \/>\n\u2013 liqueur vieillie sous bois<\/p>\n<p>Oeil : Robe jaune soutenue, bulles fines, effervescence l\u00e9g\u00e8re et agr\u00e9able.<br \/>\nNez : L\u00e9gers ar\u00f4mes de fruits confits, de brioche et de miel.<br \/>\nBouche : Ample et g\u00e9n\u00e9reux avec une forte persistance aromatique.<\/p>\n<p>Install\u00e9e \u00e0 Pierry depuis quatre g\u00e9n\u00e9rations, la famille Bouch\u00e9 exploite un vignoble de 30 hectares situ\u00e9s dans les meilleurs crus de la Champagne.Nous mettons toute notre exp\u00e9rience \u00e0 produire des champagnes \u00e9l\u00e9gants et d\u00e9licats, \u00e9labor\u00e9s dans le strict respect de la tradition champenoise.<\/p>\n<p>Alcool<strong> : <\/strong>12,5 % contient des sulfites<\/p>\n<p>Champagne Bouch\u00e9 P\u00e8re et Fils 10 rue du G\u00e9n\u00e9ral de Gaulle 51530 Pierry<\/p>\n<p>La consommation de boissons alcoolis\u00e9es pendant la grossesse, m\u00eame en faible quantit\u00e9, peut avoir des cons\u00e9quences graves sur la sant\u00e9 de l\u2019enfant.<\/p>\n<p>LA VENTE D ALCOOL EST INTERDITE AUX MINEURS<\/p>\n<p>L ABUS D ALCOOL EST DANGEREUX POUR LA SANTE. A CONSOMMER AVEC MODERATION.<\/p>\n<\/div>\n<\/div>\n<\/div>\n<\/div>\n<\/div>\n","protected":false},"featured_media":11419,"comment_status":"closed","ping_status":"closed","template":"","meta":[],"product_cat":[194,159],"product_tag":[],"jetpack_publicize_connections":[],"_links":{"self":[{"href":"https:\/\/www.andreclaude.fr\/web\/index.php\/wp-json\/wp\/v2\/product\/11418"}],"collection":[{"href":"https:\/\/www.andreclaude.fr\/web\/index.php\/wp-json\/wp\/v2\/product"}],"about":[{"href":"https:\/\/www.andreclaude.fr\/web\/index.php\/wp-json\/wp\/v2\/types\/product"}],"replies":[{"embeddable":true,"href":"https:\/\/www.andreclaude.fr\/web\/index.php\/wp-json\/wp\/v2\/comments?post=11418"}],"wp:featuredmedia":[{"embeddable":true,"href":"https:\/\/www.andreclaude.fr\/web\/index.php\/wp-json\/wp\/v2\/media\/11419"}],"wp:attachment":[{"href":"https:\/\/www.andreclaude.fr\/web\/index.php\/wp-json\/wp\/v2\/media?parent=11418"}],"wp:term":[{"taxonomy":"product_cat","embeddable":true,"href":"https:\/\/www.andreclaude.fr\/web\/index.php\/wp-json\/wp\/v2\/product_cat?post=11418"},{"taxonomy":"product_tag","embeddable":true,"href":"https:\/\/www.andreclaude.fr\/web\/index.php\/wp-json\/wp\/v2\/product_tag?post=11418"}],"curies":[{"name":"wp","href":"https:\/\/api.w.org\/{rel}","templated":true}]}}