{"id":11412,"date":"2017-12-15T07:34:47","date_gmt":"2017-12-15T06:34:47","guid":{"rendered":"http:\/\/www.andreclaude.fr\/web\/?post_type=product&#038;p=11412"},"modified":"2023-06-22T08:37:41","modified_gmt":"2023-06-22T07:37:41","slug":"champagne-bouche-pere-et-fils-brut-150-cl","status":"publish","type":"product","link":"https:\/\/www.andreclaude.fr\/web\/index.php\/produit\/champagne-bouche-pere-et-fils-brut-150-cl\/","title":{"rendered":"Champagne Bouch\u00e9 P\u00e8re et fils Brut 150 cl magnum"},"content":{"rendered":"","protected":false},"excerpt":{"rendered":"<p>Une couleur or. Ses bulles sont fines. Vous retrouverez au nez de l\u00e9g\u00e8res notes de brioche. Il est fin et a beaucoup de caract\u00e8re! D\u00e9gustez-le lors de toutes vos grandes occasions.<\/p>\n<p>Fond\u00e9e en 1920 par Abel Bouch\u00e9, la maison familiale Bouch\u00e9 P\u00e8re &amp; fils en est aujourd&rsquo;hui \u00e0 la 4e g\u00e9n\u00e9ration.Pierre fut le premier \u00e0 d\u00e9velopper l&rsquo;exportation. Il entreprend la vinification en 1945 \u00e0 Pierry.<\/p>\n<p>Aujourd&rsquo;hui, Jos\u00e9 et Nicolas, petit-fils et arri\u00e8re-petit-fils du fondateur, perp\u00e9tuent l&rsquo;esprit familial. Le vignoble du champagne Bouch\u00e9 p\u00e8re &amp; fils fait 30 hectares et se r\u00e9partit sur 9 villages champenois.<\/p>\n<p>Alcool<strong> : <\/strong>12,5 % Contient des sulfites<\/p>\n<p>Champagne Bouch\u00e9 P\u00e8re et Fils 10 rue du G\u00e9n\u00e9ral de Gaulle 51530 Pierry<\/p>\n<p>La consommation de boissons alcoolis\u00e9es pendant la grossesse, m\u00eame en faible quantit\u00e9, peut avoir des cons\u00e9quences graves sur la sant\u00e9 de l\u2019enfant.<\/p>\n<p>L ABUS D ALCOOL EST DANGEREUX POUR LA SANTE. A CONSOMMER AVEC MODERATION.<\/p>\n<p>LA VENTE D ALCOOL EST INTERDITE AUX MINEURS<\/p>\n","protected":false},"featured_media":17023,"comment_status":"closed","ping_status":"closed","template":"","meta":[],"product_cat":[194,159],"product_tag":[],"jetpack_publicize_connections":[],"_links":{"self":[{"href":"https:\/\/www.andreclaude.fr\/web\/index.php\/wp-json\/wp\/v2\/product\/11412"}],"collection":[{"href":"https:\/\/www.andreclaude.fr\/web\/index.php\/wp-json\/wp\/v2\/product"}],"about":[{"href":"https:\/\/www.andreclaude.fr\/web\/index.php\/wp-json\/wp\/v2\/types\/product"}],"replies":[{"embeddable":true,"href":"https:\/\/www.andreclaude.fr\/web\/index.php\/wp-json\/wp\/v2\/comments?post=11412"}],"wp:featuredmedia":[{"embeddable":true,"href":"https:\/\/www.andreclaude.fr\/web\/index.php\/wp-json\/wp\/v2\/media\/17023"}],"wp:attachment":[{"href":"https:\/\/www.andreclaude.fr\/web\/index.php\/wp-json\/wp\/v2\/media?parent=11412"}],"wp:term":[{"taxonomy":"product_cat","embeddable":true,"href":"https:\/\/www.andreclaude.fr\/web\/index.php\/wp-json\/wp\/v2\/product_cat?post=11412"},{"taxonomy":"product_tag","embeddable":true,"href":"https:\/\/www.andreclaude.fr\/web\/index.php\/wp-json\/wp\/v2\/product_tag?post=11412"}],"curies":[{"name":"wp","href":"https:\/\/api.w.org\/{rel}","templated":true}]}}