{"id":11393,"date":"2017-12-09T08:45:21","date_gmt":"2017-12-09T07:45:21","guid":{"rendered":"http:\/\/www.andreclaude.fr\/web\/?post_type=product&#038;p=11393"},"modified":"2022-08-24T04:27:35","modified_gmt":"2022-08-24T03:27:35","slug":"confiture-cerise-noire-le-pot-de-45g","status":"publish","type":"product","link":"https:\/\/www.andreclaude.fr\/web\/index.php\/produit\/confiture-cerise-noire-le-pot-de-45g\/","title":{"rendered":"Confiture Cerise Noire le pot de 28g"},"content":{"rendered":"<p>SAS COPYR<\/p>\n<p>09190 LORP<\/p>\n","protected":false},"excerpt":{"rendered":"<p>Confiture Extra Daniel Boudet<\/p>\n<p>Pr\u00e9par\u00e9e avec 55g de fruit pour 100g de produit fini.<\/p>\n<p>Teneur totale en sucres : 60g pour 100g<\/p>\n<p>Ingr\u00e9dients : Cerises noires, sucre, jus de citron, g\u00e9lifiant : pectine, affermissant : citrate calcique (si n\u00e9cessaire)<\/p>\n<p>Peut contenir un noyau.<\/p>\n<p>OGM : Garanti sans OGM<br \/>\nIONISATION : Ce produit n&rsquo;est pas trait\u00e9 par ionisation et ne contient aucun ingr\u00e9dient ou additif ionis\u00e9.<br \/>\nALLERGENE(S) :Absence<\/p>\n<p>Valeurs nutritionnelles\u00a0 pour 100 g<\/p>\n<p>Energie : 243kcal \/ 1032kj<\/p>\n<p>Mati\u00e8res grasses : 0.2g dont acides gras satur\u00e9s : 0g<\/p>\n<p>Glucides : 59g dont sucres 58g<\/p>\n<p>Prot\u00e9ines : 0.7g<\/p>\n<p>Sel : 0g<\/p>\n<p>Id\u00e9al pour les plateaux de fromages.<\/p>\n","protected":false},"featured_media":19725,"comment_status":"closed","ping_status":"closed","template":"","meta":[],"product_cat":[194,177],"product_tag":[],"jetpack_publicize_connections":[],"_links":{"self":[{"href":"https:\/\/www.andreclaude.fr\/web\/index.php\/wp-json\/wp\/v2\/product\/11393"}],"collection":[{"href":"https:\/\/www.andreclaude.fr\/web\/index.php\/wp-json\/wp\/v2\/product"}],"about":[{"href":"https:\/\/www.andreclaude.fr\/web\/index.php\/wp-json\/wp\/v2\/types\/product"}],"replies":[{"embeddable":true,"href":"https:\/\/www.andreclaude.fr\/web\/index.php\/wp-json\/wp\/v2\/comments?post=11393"}],"wp:featuredmedia":[{"embeddable":true,"href":"https:\/\/www.andreclaude.fr\/web\/index.php\/wp-json\/wp\/v2\/media\/19725"}],"wp:attachment":[{"href":"https:\/\/www.andreclaude.fr\/web\/index.php\/wp-json\/wp\/v2\/media?parent=11393"}],"wp:term":[{"taxonomy":"product_cat","embeddable":true,"href":"https:\/\/www.andreclaude.fr\/web\/index.php\/wp-json\/wp\/v2\/product_cat?post=11393"},{"taxonomy":"product_tag","embeddable":true,"href":"https:\/\/www.andreclaude.fr\/web\/index.php\/wp-json\/wp\/v2\/product_tag?post=11393"}],"curies":[{"name":"wp","href":"https:\/\/api.w.org\/{rel}","templated":true}]}}