{"id":11338,"date":"2017-11-25T10:44:34","date_gmt":"2017-11-25T09:44:34","guid":{"rendered":"http:\/\/www.andreclaude.fr\/web\/?post_type=product&#038;p=11338"},"modified":"2022-04-14T10:12:03","modified_gmt":"2022-04-14T09:12:03","slug":"cake-aux-fruits-en-tranche-le-paquet-de-250-grs","status":"publish","type":"product","link":"https:\/\/www.andreclaude.fr\/web\/index.php\/produit\/cake-aux-fruits-en-tranche-le-paquet-de-250-grs\/","title":{"rendered":"Cake aux fruits en tranche le paquet de 250 grs"},"content":{"rendered":"<p>Les Saveurs du Clavon<\/p>\n<p>Distribu\u00e9 par DISTRAZUR\u00a0 26780 Malataverne<\/p>\n<p>&nbsp;<\/p>\n","protected":false},"excerpt":{"rendered":"<p>Ingr\u00e9dients : Fruits 38.2% (raisins secs (14.2%), bigarreaux confits (13%), bigarreaux (6.6%), sirop de glucose-fructose, colorant ; anthocyanes, correcteur d&rsquo;acidit\u00e9 : acide citrique, conservateur : <strong>anhydride sulfureux<\/strong>), \u00e9corces d&rsquo;orange confites (5.5%) (\u00e9corces d&rsquo;orange (2.9%), sirop de glucose fructose, sacharrose, correcteur d&rsquo;acidit\u00e9 : acide citrique, conservateur : <strong>anhydride sulfureux<\/strong>, cubes de past\u00e8que confits (5.5%) (past\u00e8que 2.9%), sirop de glucose fructose, sucre, correcteur d&rsquo;acidit\u00e9 ; acide citrique, colorant cochenille, conservateur\u00a0 : <strong>anhydride sulfureux<\/strong>), farine de<strong> bl\u00e9, oeufs<\/strong> entiers, sucre, huile de colza, sirop de glucose, stabilisant ; glyc\u00e9rol, sel, eau, poudres \u00e0 lever (contient <strong>bl\u00e9<\/strong>): diphosphates carbonates de sodium, ar\u00f4me naturel de vanille (contient alcool), ar\u00f4me naturel d&rsquo;orange, \u00e9mulsifiant : mono et diglyc\u00e9rides d&rsquo;acide gras, \u00e9paississant : gomme xanthane.<\/p>\n<p><strong>Peut contenir des traces de lait et de fruits \u00e0 coque<\/strong><\/p>\n<p>Valeurs nutritionnelles moyennes pour 100g<\/p>\n<p>Energie : 1565kj\/372kcal<\/p>\n<p>Mati\u00e8res grasses : 12.1g dont acides gars satur\u00e9s : 1.7g<\/p>\n<p>Glucides : 60.2g dont sucres 39.4g<\/p>\n<p>Prot\u00e9ines : 4.4g<\/p>\n<p>Sel 0.58g<\/p>\n<p>&nbsp;<\/p>\n","protected":false},"featured_media":11955,"comment_status":"closed","ping_status":"closed","template":"","meta":[],"product_cat":[194,170],"product_tag":[],"jetpack_publicize_connections":[],"_links":{"self":[{"href":"https:\/\/www.andreclaude.fr\/web\/index.php\/wp-json\/wp\/v2\/product\/11338"}],"collection":[{"href":"https:\/\/www.andreclaude.fr\/web\/index.php\/wp-json\/wp\/v2\/product"}],"about":[{"href":"https:\/\/www.andreclaude.fr\/web\/index.php\/wp-json\/wp\/v2\/types\/product"}],"replies":[{"embeddable":true,"href":"https:\/\/www.andreclaude.fr\/web\/index.php\/wp-json\/wp\/v2\/comments?post=11338"}],"wp:featuredmedia":[{"embeddable":true,"href":"https:\/\/www.andreclaude.fr\/web\/index.php\/wp-json\/wp\/v2\/media\/11955"}],"wp:attachment":[{"href":"https:\/\/www.andreclaude.fr\/web\/index.php\/wp-json\/wp\/v2\/media?parent=11338"}],"wp:term":[{"taxonomy":"product_cat","embeddable":true,"href":"https:\/\/www.andreclaude.fr\/web\/index.php\/wp-json\/wp\/v2\/product_cat?post=11338"},{"taxonomy":"product_tag","embeddable":true,"href":"https:\/\/www.andreclaude.fr\/web\/index.php\/wp-json\/wp\/v2\/product_tag?post=11338"}],"curies":[{"name":"wp","href":"https:\/\/api.w.org\/{rel}","templated":true}]}}