{"id":11264,"date":"2017-11-05T07:35:21","date_gmt":"2017-11-05T06:35:21","guid":{"rendered":"http:\/\/www.andreclaude.fr\/web\/?post_type=product&#038;p=11264"},"modified":"2023-11-21T08:05:44","modified_gmt":"2023-11-21T07:05:44","slug":"lait-de-coco-la-boite-de-400-ml-guadeloupe","status":"publish","type":"product","link":"https:\/\/www.andreclaude.fr\/web\/index.php\/produit\/lait-de-coco-la-boite-de-400-ml-guadeloupe\/","title":{"rendered":"Lait de coco la boite de 400 ml"},"content":{"rendered":"<p>Ingr\u00e9dient: Eau, extrait de noix de coco: 48%, Emulsifiants: E435, Stabilisants: E412, E466<\/p>\n<p>Informations nutritionnelles: valeurs typiques par 100ml<\/p>\n<p>Energie: 559kj\/136kcal<\/p>\n<p>Lipides: 13.6g<\/p>\n<p>dont satur\u00e9s: 11.9g<\/p>\n<p>Glucides 3.3g<\/p>\n<p>dont sucres: 1.2g<\/p>\n<p>Prot\u00e9ines: 0g<\/p>\n<p>Sel: 0.04g<\/p>\n","protected":false},"excerpt":{"rendered":"<p>Le lait de coco est employ\u00e9 en Afrique, dans les Cara\u00efbes, en Asie pour apporter de la saveur aux plats sal\u00e9s et sucr\u00e9s. Facile \u00e0 utiliser, il entre dans la pr\u00e9paration de nombreuses recettes africaines.<\/p>\n","protected":false},"featured_media":11265,"comment_status":"closed","ping_status":"closed","template":"","meta":[],"product_cat":[194,171],"product_tag":[],"jetpack_publicize_connections":[],"_links":{"self":[{"href":"https:\/\/www.andreclaude.fr\/web\/index.php\/wp-json\/wp\/v2\/product\/11264"}],"collection":[{"href":"https:\/\/www.andreclaude.fr\/web\/index.php\/wp-json\/wp\/v2\/product"}],"about":[{"href":"https:\/\/www.andreclaude.fr\/web\/index.php\/wp-json\/wp\/v2\/types\/product"}],"replies":[{"embeddable":true,"href":"https:\/\/www.andreclaude.fr\/web\/index.php\/wp-json\/wp\/v2\/comments?post=11264"}],"wp:featuredmedia":[{"embeddable":true,"href":"https:\/\/www.andreclaude.fr\/web\/index.php\/wp-json\/wp\/v2\/media\/11265"}],"wp:attachment":[{"href":"https:\/\/www.andreclaude.fr\/web\/index.php\/wp-json\/wp\/v2\/media?parent=11264"}],"wp:term":[{"taxonomy":"product_cat","embeddable":true,"href":"https:\/\/www.andreclaude.fr\/web\/index.php\/wp-json\/wp\/v2\/product_cat?post=11264"},{"taxonomy":"product_tag","embeddable":true,"href":"https:\/\/www.andreclaude.fr\/web\/index.php\/wp-json\/wp\/v2\/product_tag?post=11264"}],"curies":[{"name":"wp","href":"https:\/\/api.w.org\/{rel}","templated":true}]}}