{"id":11093,"date":"2017-09-19T17:51:27","date_gmt":"2017-09-19T16:51:27","guid":{"rendered":"http:\/\/www.andreclaude.fr\/web\/?post_type=product&#038;p=11093"},"modified":"2022-02-18T11:44:53","modified_gmt":"2022-02-18T10:44:53","slug":"rillettes-de-thon-a-la-creole-le-pot-de-90-grs","status":"publish","type":"product","link":"https:\/\/www.andreclaude.fr\/web\/index.php\/produit\/rillettes-de-thon-a-la-creole-le-pot-de-90-grs\/","title":{"rendered":"Rillettes de Thon \u00e0 la Cr\u00e9ole le pot de 90 grs"},"content":{"rendered":"","protected":false},"excerpt":{"rendered":"<p>Contenance : 0 cl<br \/>\nPoids net : 90 g<br \/>\nPoids net \u00e9goutt\u00e9 : 0 g<\/p>\n<p>CARACTERISTIQUES PRODUIT<br \/>\nIngr\u00e9dients : Thon 50%, oignons frais, huile de tournesol, vinaigre d\u2019alcool, ciboulette, carotte miette, jus concentr\u00e9 de citron, ail poudre, \u00e9paississant: carragh\u00e9nane, sel, poivre, piment<\/p>\n<p>Allerg\u00e8nes : POISSON,<br \/>\nTraces d&rsquo;allerg\u00e8nes possibles :<br \/>\nAllerg\u00e8nes pr\u00e9sents dans l&rsquo;atelier :<\/p>\n<p>Valeurs nutritionnelles pour 100 g de produit \u00e9goutt\u00e9<\/p>\n<p>Energie 861 kJ \/ 208 kcal<br \/>\nMati\u00e8res grasses 18 g<br \/>\ndont acides gras satur\u00e9s 2,1 g<br \/>\nGlucides 2,4 g<br \/>\nDont Sucres 1,4 g<br \/>\nFibres alimentaires 0 g<br \/>\nProt\u00e9ines 10 g<br \/>\nSel 0,65 g<\/p>\n<p>Mode d&#8217;emploi :<br \/>\nRecommandations :<br \/>\nContre indications :<br \/>\nStockage avant emploi : A conserver \u00e0 l&rsquo;abri de la<br \/>\nchaleur.<br \/>\nStockage apr\u00e8s ouverture : A conserver au frais et<br \/>\nconsommer sous 72h.<\/p>\n<p>DLUO \u00e0 fabrication : 1080 jour(s)<br \/>\nDLUO garantie : 240 jour(s)<\/p>\n<p>Origine : FRANCE<br \/>\nLieu de fabrication : 22 ST AGATHON<\/p>\n","protected":false},"featured_media":11088,"comment_status":"closed","ping_status":"closed","template":"","meta":[],"product_cat":[194,183],"product_tag":[],"jetpack_publicize_connections":[],"_links":{"self":[{"href":"https:\/\/www.andreclaude.fr\/web\/index.php\/wp-json\/wp\/v2\/product\/11093"}],"collection":[{"href":"https:\/\/www.andreclaude.fr\/web\/index.php\/wp-json\/wp\/v2\/product"}],"about":[{"href":"https:\/\/www.andreclaude.fr\/web\/index.php\/wp-json\/wp\/v2\/types\/product"}],"replies":[{"embeddable":true,"href":"https:\/\/www.andreclaude.fr\/web\/index.php\/wp-json\/wp\/v2\/comments?post=11093"}],"wp:featuredmedia":[{"embeddable":true,"href":"https:\/\/www.andreclaude.fr\/web\/index.php\/wp-json\/wp\/v2\/media\/11088"}],"wp:attachment":[{"href":"https:\/\/www.andreclaude.fr\/web\/index.php\/wp-json\/wp\/v2\/media?parent=11093"}],"wp:term":[{"taxonomy":"product_cat","embeddable":true,"href":"https:\/\/www.andreclaude.fr\/web\/index.php\/wp-json\/wp\/v2\/product_cat?post=11093"},{"taxonomy":"product_tag","embeddable":true,"href":"https:\/\/www.andreclaude.fr\/web\/index.php\/wp-json\/wp\/v2\/product_tag?post=11093"}],"curies":[{"name":"wp","href":"https:\/\/api.w.org\/{rel}","templated":true}]}}