{"id":11089,"date":"2017-09-19T17:36:26","date_gmt":"2017-09-19T16:36:26","guid":{"rendered":"http:\/\/www.andreclaude.fr\/web\/?post_type=product&#038;p=11089"},"modified":"2022-02-18T11:44:15","modified_gmt":"2022-02-18T10:44:15","slug":"rillettes-de-maquereau-le-pot-de-90-grs","status":"publish","type":"product","link":"https:\/\/www.andreclaude.fr\/web\/index.php\/produit\/rillettes-de-maquereau-le-pot-de-90-grs\/","title":{"rendered":"Rillettes de Maquereau le pot de 90 grs"},"content":{"rendered":"","protected":false},"excerpt":{"rendered":"<p>Voici un produit particuli\u00e8rement l\u00e9ger et riche en go\u00fbt, \u00e0 base de cr\u00e8me fra\u00eeche, et de chair des poissons ou crustac\u00e9s , relev\u00e9 par des oignons et du persil frais. Vous appr\u00e9cierez les Rillettes sur du bon pain de campagne en sandwich ou sur des toasts grill\u00e9s.<\/p>\n<p>L\u2019histoire de cette vieille Entreprise Bretonne est, avant tout, familiale.<br \/>\nL\u2019entreprise Crust\u2019Armor existe depuis pr\u00e8s de 50 ans \u00e0 travers 3 g\u00e9n\u00e9rations.<\/p>\n<p>Contenance : 0 cl<br \/>\nPoids net : 90 g<br \/>\nPoids net \u00e9goutt\u00e9 : 0 g<\/p>\n<p>CARACTERISTIQUES PRODUIT<\/p>\n<p>Ingr\u00e9dients : Filets de maquereaux 53%, cr\u00e8me fra\u00eeche( lait), moutarde*, oignons frais, jus de citron concentr\u00e9, sel, prot\u00e9ines de lait, \u00e9paississant carragh\u00e9nane, ciboulette, poivre. * La moutarde contient : eau, graine de moutarde, vinaigre, sel, acidifiant : acide citrique et disulfite de potassium.<\/p>\n<p>Allerg\u00e8nes : <strong>Poisson, Moutarde, Lait<\/strong><br \/>\nTraces d&rsquo;allerg\u00e8nes possibles :<br \/>\nAllerg\u00e8nes pr\u00e9sents dans l&rsquo;atelier :<\/p>\n<p>Valeurs nutritionnelles pour 100 g de produit \u00e9goutt\u00e9<\/p>\n<p>Energie 943 kJ \/ 228 kcal<br \/>\nMati\u00e8res grasses 19 g<br \/>\ndont acides gras satur\u00e9s 11 g<br \/>\nGlucides 1,3 g<br \/>\nDont Sucres 1,3 g<br \/>\nFibres alimentaires 0 g<br \/>\nProt\u00e9ines 9,4 g<br \/>\nSel 1,1 g<\/p>\n<p>Mode d&#8217;emploi :<br \/>\nRecommandations :<br \/>\nContre indications :<br \/>\nStockage avant emploi : A conserver \u00e0 l&rsquo;abri de la chaleur.<\/p>\n<p>Stockage apr\u00e8s ouverture : A conserver au frais et consommer rapidement<\/p>\n<p>DLUO \u00e0 fabrication : 720 jour(s)<br \/>\nDLUO garantie : 240 jour(s)<\/p>\n<p>Origine : FRANCE<br \/>\nLieu de fabrication : 22 ST AGATHON<\/p>\n","protected":false},"featured_media":11088,"comment_status":"closed","ping_status":"closed","template":"","meta":[],"product_cat":[194,183],"product_tag":[],"jetpack_publicize_connections":[],"_links":{"self":[{"href":"https:\/\/www.andreclaude.fr\/web\/index.php\/wp-json\/wp\/v2\/product\/11089"}],"collection":[{"href":"https:\/\/www.andreclaude.fr\/web\/index.php\/wp-json\/wp\/v2\/product"}],"about":[{"href":"https:\/\/www.andreclaude.fr\/web\/index.php\/wp-json\/wp\/v2\/types\/product"}],"replies":[{"embeddable":true,"href":"https:\/\/www.andreclaude.fr\/web\/index.php\/wp-json\/wp\/v2\/comments?post=11089"}],"wp:featuredmedia":[{"embeddable":true,"href":"https:\/\/www.andreclaude.fr\/web\/index.php\/wp-json\/wp\/v2\/media\/11088"}],"wp:attachment":[{"href":"https:\/\/www.andreclaude.fr\/web\/index.php\/wp-json\/wp\/v2\/media?parent=11089"}],"wp:term":[{"taxonomy":"product_cat","embeddable":true,"href":"https:\/\/www.andreclaude.fr\/web\/index.php\/wp-json\/wp\/v2\/product_cat?post=11089"},{"taxonomy":"product_tag","embeddable":true,"href":"https:\/\/www.andreclaude.fr\/web\/index.php\/wp-json\/wp\/v2\/product_tag?post=11089"}],"curies":[{"name":"wp","href":"https:\/\/api.w.org\/{rel}","templated":true}]}}